{"id":14256,"date":"2024-09-27T11:28:26","date_gmt":"2024-09-27T11:28:26","guid":{"rendered":"https:\/\/military-classic-auction.com\/?post_type=product&#038;p=14256"},"modified":"2024-09-27T11:28:27","modified_gmt":"2024-09-27T11:28:27","slug":"tireur-de-bren-pres-de-trun-poche-de-falaise","status":"publish","type":"product","link":"https:\/\/military-classic-auction.com\/en\/product\/tireur-de-bren-pres-de-trun-poche-de-falaise\/","title":{"rendered":"Tireur de Bren pr\u00e8s de Trun &#8211; Poche de Falaise"},"content":{"rendered":"<p>Tireur de Bren pr\u00e8s de Trun &#8211; Poche de Falaise<br \/>\nDimension : 32cm x 28,5cm (environ) &#8211; \u00c9paisseur : 15mm<br \/>\n(En l&rsquo;\u00e9tat, usures, taches)<br \/>\n&#8211;<br \/>\nDimension : 12,6&Prime; x 11,2&Prime; (approximately) &#8211; Thickness : 0,59&Prime;<\/p>","protected":false},"excerpt":{"rendered":"<p>Tireur de Bren pr\u00e8s de Trun &#8211; Poche de Falaise Dimension : 32cm x 28,5cm (environ) &#8211; \u00c9paisseur : 15mm (En l&rsquo;\u00e9tat, usures, taches) &#8211; Dimension : 12,6&Prime; x 11,2&Prime; (approximately) &#8211; Thickness : 0,59&Prime;<\/p>","protected":false},"featured_media":13687,"template":"","meta":[],"product_brand":[],"product_cat":[74],"product_tag":[],"class_list":{"0":"post-14256","1":"product","2":"type-product","3":"status-publish","4":"has-post-thumbnail","6":"product_cat-wartime-photos-collection","8":"first","9":"instock","10":"sold-individually","11":"purchasable","12":"product-type-auction"},"aioseo_notices":[],"_links":{"self":[{"href":"https:\/\/military-classic-auction.com\/en\/wp-json\/wp\/v2\/product\/14256","targetHints":{"allow":["GET"]}}],"collection":[{"href":"https:\/\/military-classic-auction.com\/en\/wp-json\/wp\/v2\/product"}],"about":[{"href":"https:\/\/military-classic-auction.com\/en\/wp-json\/wp\/v2\/types\/product"}],"wp:featuredmedia":[{"embeddable":true,"href":"https:\/\/military-classic-auction.com\/en\/wp-json\/wp\/v2\/media\/13687"}],"wp:attachment":[{"href":"https:\/\/military-classic-auction.com\/en\/wp-json\/wp\/v2\/media?parent=14256"}],"wp:term":[{"taxonomy":"product_brand","embeddable":true,"href":"https:\/\/military-classic-auction.com\/en\/wp-json\/wp\/v2\/product_brand?post=14256"},{"taxonomy":"product_cat","embeddable":true,"href":"https:\/\/military-classic-auction.com\/en\/wp-json\/wp\/v2\/product_cat?post=14256"},{"taxonomy":"product_tag","embeddable":true,"href":"https:\/\/military-classic-auction.com\/en\/wp-json\/wp\/v2\/product_tag?post=14256"}],"curies":[{"name":"wp","href":"https:\/\/api.w.org\/{rel}","templated":true}]}}