{"id":14255,"date":"2024-09-27T11:28:25","date_gmt":"2024-09-27T11:28:25","guid":{"rendered":"https:\/\/military-classic-auction.com\/?post_type=product&#038;p=14255"},"modified":"2024-09-27T11:28:26","modified_gmt":"2024-09-27T11:28:26","slug":"mustang-mk-i-de-la-raf-au-dessus-de-pierrefitte-en-cinglais","status":"publish","type":"product","link":"https:\/\/military-classic-auction.com\/en\/product\/mustang-mk-i-de-la-raf-au-dessus-de-pierrefitte-en-cinglais\/","title":{"rendered":"Mustang Mk I de la RAF au-dessus de Pierrefitte-en-Cinglais"},"content":{"rendered":"<p>Mustang Mk I de la RAF au-dessus de Pierrefitte-en-Cinglais<br \/>\nNous apercevons une colonne de v\u00e9hicules blind\u00e9s de la 4\u00e8me brigade se dirigeant vers Falaise.<br \/>\nDimension : 36cm x 29cm (environ) &#8211; \u00c9paisseur : 15mm<br \/>\n(En l&rsquo;\u00e9tat, usures)<br \/>\n&#8211;<br \/>\nDimension : 14,1&Prime; x 11,4&Prime; (approximately) &#8211; Thickness : 0,59&Prime;<\/p>","protected":false},"excerpt":{"rendered":"<p>Mustang Mk I de la RAF au-dessus de Pierrefitte-en-Cinglais Nous apercevons une colonne de v\u00e9hicules blind\u00e9s de la 4\u00e8me brigade se dirigeant vers Falaise. Dimension : 36cm x 29cm (environ) &#8211; \u00c9paisseur : 15mm (En l&rsquo;\u00e9tat, usures) &#8211; Dimension : 14,1&Prime; x 11,4&Prime; (approximately) &#8211; Thickness : 0,59&Prime;<\/p>","protected":false},"featured_media":13682,"template":"","meta":[],"product_brand":[],"product_cat":[74],"product_tag":[],"class_list":{"0":"post-14255","1":"product","2":"type-product","3":"status-publish","4":"has-post-thumbnail","6":"product_cat-wartime-photos-collection","8":"first","9":"instock","10":"sold-individually","11":"purchasable","12":"product-type-auction"},"aioseo_notices":[],"_links":{"self":[{"href":"https:\/\/military-classic-auction.com\/en\/wp-json\/wp\/v2\/product\/14255","targetHints":{"allow":["GET"]}}],"collection":[{"href":"https:\/\/military-classic-auction.com\/en\/wp-json\/wp\/v2\/product"}],"about":[{"href":"https:\/\/military-classic-auction.com\/en\/wp-json\/wp\/v2\/types\/product"}],"wp:featuredmedia":[{"embeddable":true,"href":"https:\/\/military-classic-auction.com\/en\/wp-json\/wp\/v2\/media\/13682"}],"wp:attachment":[{"href":"https:\/\/military-classic-auction.com\/en\/wp-json\/wp\/v2\/media?parent=14255"}],"wp:term":[{"taxonomy":"product_brand","embeddable":true,"href":"https:\/\/military-classic-auction.com\/en\/wp-json\/wp\/v2\/product_brand?post=14255"},{"taxonomy":"product_cat","embeddable":true,"href":"https:\/\/military-classic-auction.com\/en\/wp-json\/wp\/v2\/product_cat?post=14255"},{"taxonomy":"product_tag","embeddable":true,"href":"https:\/\/military-classic-auction.com\/en\/wp-json\/wp\/v2\/product_tag?post=14255"}],"curies":[{"name":"wp","href":"https:\/\/api.w.org\/{rel}","templated":true}]}}