{"id":14254,"date":"2024-09-27T11:28:25","date_gmt":"2024-09-27T11:28:25","guid":{"rendered":"https:\/\/military-classic-auction.com\/?post_type=product&#038;p=14254"},"modified":"2024-09-27T11:28:25","modified_gmt":"2024-09-27T11:28:25","slug":"vue-aerienne-dun-carrefour-pres-de-putanges-61","status":"publish","type":"product","link":"https:\/\/military-classic-auction.com\/en\/product\/vue-aerienne-dun-carrefour-pres-de-putanges-61\/","title":{"rendered":"Vue a\u00e9rienne d&rsquo;un carrefour pr\u00e8s de Putanges (61)"},"content":{"rendered":"<p>Vue a\u00e9rienne d&rsquo;un carrefour pr\u00e8s de Putanges (61)<br \/>\nA noter les nombreuses traces de blind\u00e9s dans les champs aux alentours.<br \/>\nDimension : 37cm x 29cm (environ) &#8211; \u00c9paisseur : 15mm<br \/>\n(En l&rsquo;\u00e9tat, usures)<br \/>\n&#8211;<br \/>\nDimension : 14,5&Prime; x 11,4&Prime; (approximately) &#8211; Thickness : 0,59&Prime;<\/p>","protected":false},"excerpt":{"rendered":"<p>Vue a\u00e9rienne d&rsquo;un carrefour pr\u00e8s de Putanges (61) A noter les nombreuses traces de blind\u00e9s dans les champs aux alentours. Dimension : 37cm x 29cm (environ) &#8211; \u00c9paisseur : 15mm (En l&rsquo;\u00e9tat, usures) &#8211; Dimension : 14,5&Prime; x 11,4&Prime; (approximately) &#8211; Thickness : 0,59&Prime;<\/p>","protected":false},"featured_media":13677,"template":"","meta":[],"product_brand":[],"product_cat":[74],"product_tag":[],"class_list":{"0":"post-14254","1":"product","2":"type-product","3":"status-publish","4":"has-post-thumbnail","6":"product_cat-wartime-photos-collection","8":"first","9":"instock","10":"sold-individually","11":"purchasable","12":"product-type-auction"},"aioseo_notices":[],"_links":{"self":[{"href":"https:\/\/military-classic-auction.com\/en\/wp-json\/wp\/v2\/product\/14254","targetHints":{"allow":["GET"]}}],"collection":[{"href":"https:\/\/military-classic-auction.com\/en\/wp-json\/wp\/v2\/product"}],"about":[{"href":"https:\/\/military-classic-auction.com\/en\/wp-json\/wp\/v2\/types\/product"}],"wp:featuredmedia":[{"embeddable":true,"href":"https:\/\/military-classic-auction.com\/en\/wp-json\/wp\/v2\/media\/13677"}],"wp:attachment":[{"href":"https:\/\/military-classic-auction.com\/en\/wp-json\/wp\/v2\/media?parent=14254"}],"wp:term":[{"taxonomy":"product_brand","embeddable":true,"href":"https:\/\/military-classic-auction.com\/en\/wp-json\/wp\/v2\/product_brand?post=14254"},{"taxonomy":"product_cat","embeddable":true,"href":"https:\/\/military-classic-auction.com\/en\/wp-json\/wp\/v2\/product_cat?post=14254"},{"taxonomy":"product_tag","embeddable":true,"href":"https:\/\/military-classic-auction.com\/en\/wp-json\/wp\/v2\/product_tag?post=14254"}],"curies":[{"name":"wp","href":"https:\/\/api.w.org\/{rel}","templated":true}]}}