{"id":14249,"date":"2024-09-27T11:28:21","date_gmt":"2024-09-27T11:28:21","guid":{"rendered":"https:\/\/military-classic-auction.com\/?post_type=product&#038;p=14249"},"modified":"2024-09-27T11:28:22","modified_gmt":"2024-09-27T11:28:22","slug":"un-carrefour-apres-les-combats","status":"publish","type":"product","link":"https:\/\/military-classic-auction.com\/en\/product\/un-carrefour-apres-les-combats\/","title":{"rendered":"Un carrefour apr\u00e8s les combats"},"content":{"rendered":"<p>Un carrefour apr\u00e8s les combats<br \/>\nMoto &#038; v\u00e9hicules abandonn\u00e9s.<br \/>\nDimension : 36,5cm x 25cm (environ) &#8211; \u00c9paisseur : 15mm<br \/>\n(En l&rsquo;\u00e9tat, usures, manques)<br \/>\n&#8211;<br \/>\nDimension : 14,3&Prime; x 9,8&Prime; (approximately) &#8211; Thickness : 0,59&Prime;<\/p>","protected":false},"excerpt":{"rendered":"<p>Un carrefour apr\u00e8s les combats Moto &#038; v\u00e9hicules abandonn\u00e9s. Dimension : 36,5cm x 25cm (environ) &#8211; \u00c9paisseur : 15mm (En l&rsquo;\u00e9tat, usures, manques) &#8211; Dimension : 14,3&Prime; x 9,8&Prime; (approximately) &#8211; Thickness : 0,59&Prime;<\/p>","protected":false},"featured_media":13656,"template":"","meta":[],"product_brand":[],"product_cat":[74],"product_tag":[],"class_list":{"0":"post-14249","1":"product","2":"type-product","3":"status-publish","4":"has-post-thumbnail","6":"product_cat-wartime-photos-collection","8":"first","9":"instock","10":"sold-individually","11":"purchasable","12":"product-type-auction"},"aioseo_notices":[],"_links":{"self":[{"href":"https:\/\/military-classic-auction.com\/en\/wp-json\/wp\/v2\/product\/14249","targetHints":{"allow":["GET"]}}],"collection":[{"href":"https:\/\/military-classic-auction.com\/en\/wp-json\/wp\/v2\/product"}],"about":[{"href":"https:\/\/military-classic-auction.com\/en\/wp-json\/wp\/v2\/types\/product"}],"wp:featuredmedia":[{"embeddable":true,"href":"https:\/\/military-classic-auction.com\/en\/wp-json\/wp\/v2\/media\/13656"}],"wp:attachment":[{"href":"https:\/\/military-classic-auction.com\/en\/wp-json\/wp\/v2\/media?parent=14249"}],"wp:term":[{"taxonomy":"product_brand","embeddable":true,"href":"https:\/\/military-classic-auction.com\/en\/wp-json\/wp\/v2\/product_brand?post=14249"},{"taxonomy":"product_cat","embeddable":true,"href":"https:\/\/military-classic-auction.com\/en\/wp-json\/wp\/v2\/product_cat?post=14249"},{"taxonomy":"product_tag","embeddable":true,"href":"https:\/\/military-classic-auction.com\/en\/wp-json\/wp\/v2\/product_tag?post=14249"}],"curies":[{"name":"wp","href":"https:\/\/api.w.org\/{rel}","templated":true}]}}