{"id":14245,"date":"2024-09-27T11:28:15","date_gmt":"2024-09-27T11:28:15","guid":{"rendered":"https:\/\/military-classic-auction.com\/?post_type=product&#038;p=14245"},"modified":"2024-09-27T11:28:16","modified_gmt":"2024-09-27T11:28:16","slug":"vue-aerienne-de-vehicules-engins-blindes-detruits","status":"publish","type":"product","link":"https:\/\/military-classic-auction.com\/en\/product\/vue-aerienne-de-vehicules-engins-blindes-detruits\/","title":{"rendered":"Vue a\u00e9rienne de v\u00e9hicules &#038; engins blind\u00e9s d\u00e9truits"},"content":{"rendered":"<p>Vue a\u00e9rienne de v\u00e9hicules &#038; engins blind\u00e9s d\u00e9truits<br \/>\nDimension : 36,5cm x 25cm (environ) &#8211; \u00c9paisseur : 15mm<br \/>\n(En l&rsquo;\u00e9tat, usures, accrocs, manques)<br \/>\n&#8211;<br \/>\nDimension : 14,3&Prime; x 9,8&Prime; (approximately) &#8211; Thickness : 0,59&Prime;<\/p>","protected":false},"excerpt":{"rendered":"<p>Vue a\u00e9rienne de v\u00e9hicules &#038; engins blind\u00e9s d\u00e9truits Dimension : 36,5cm x 25cm (environ) &#8211; \u00c9paisseur : 15mm (En l&rsquo;\u00e9tat, usures, accrocs, manques) &#8211; Dimension : 14,3&Prime; x 9,8&Prime; (approximately) &#8211; Thickness : 0,59&Prime;<\/p>","protected":false},"featured_media":13642,"template":"","meta":[],"product_brand":[],"product_cat":[74],"product_tag":[],"class_list":{"0":"post-14245","1":"product","2":"type-product","3":"status-publish","4":"has-post-thumbnail","6":"product_cat-wartime-photos-collection","8":"first","9":"instock","10":"sold-individually","11":"purchasable","12":"product-type-auction"},"aioseo_notices":[],"_links":{"self":[{"href":"https:\/\/military-classic-auction.com\/en\/wp-json\/wp\/v2\/product\/14245","targetHints":{"allow":["GET"]}}],"collection":[{"href":"https:\/\/military-classic-auction.com\/en\/wp-json\/wp\/v2\/product"}],"about":[{"href":"https:\/\/military-classic-auction.com\/en\/wp-json\/wp\/v2\/types\/product"}],"wp:featuredmedia":[{"embeddable":true,"href":"https:\/\/military-classic-auction.com\/en\/wp-json\/wp\/v2\/media\/13642"}],"wp:attachment":[{"href":"https:\/\/military-classic-auction.com\/en\/wp-json\/wp\/v2\/media?parent=14245"}],"wp:term":[{"taxonomy":"product_brand","embeddable":true,"href":"https:\/\/military-classic-auction.com\/en\/wp-json\/wp\/v2\/product_brand?post=14245"},{"taxonomy":"product_cat","embeddable":true,"href":"https:\/\/military-classic-auction.com\/en\/wp-json\/wp\/v2\/product_cat?post=14245"},{"taxonomy":"product_tag","embeddable":true,"href":"https:\/\/military-classic-auction.com\/en\/wp-json\/wp\/v2\/product_tag?post=14245"}],"curies":[{"name":"wp","href":"https:\/\/api.w.org\/{rel}","templated":true}]}}