{"id":14239,"date":"2024-09-27T11:28:11","date_gmt":"2024-09-27T11:28:11","guid":{"rendered":"https:\/\/military-classic-auction.com\/?post_type=product&#038;p=14239"},"modified":"2024-09-27T11:28:12","modified_gmt":"2024-09-27T11:28:12","slug":"pont-provisoire-tucker-bridge-carentan-1944","status":"publish","type":"product","link":"https:\/\/military-classic-auction.com\/en\/product\/pont-provisoire-tucker-bridge-carentan-1944\/","title":{"rendered":"Pont provisoire \u00ab\u00a0Tucker Bridge\u00a0\u00bb &#8211; Carentan 1944"},"content":{"rendered":"<p>Pont provisoire \u00ab\u00a0Tucker Bridge\u00a0\u00bb &#8211; Carentan 1944<br \/>\nCharg\u00e9 de l&rsquo;installation de ponts Bailey sur la Taute et sur la Douve, le major John Tucker trouve la mort le 27 juin 1944, tu\u00e9 par un \u00e9clat d&rsquo;obus de canon 88.<br \/>\nGrande dimension : 59,8cm x 50cm (environ) &#8211; \u00c9paisseur : 18mm<br \/>\nEn l&rsquo;\u00e9tat, usures)<br \/>\n&#8211;<br \/>\nLarge dimension : 23,5&Prime; x 19,6&Prime; (approximately) &#8211; Thickness : 0,7&Prime;<\/p>","protected":false},"excerpt":{"rendered":"<p>Pont provisoire \u00ab\u00a0Tucker Bridge\u00a0\u00bb &#8211; Carentan 1944 Charg\u00e9 de l&rsquo;installation de ponts Bailey sur la Taute et sur la Douve, le major John Tucker trouve la mort le 27 juin 1944, tu\u00e9 par un \u00e9clat d&rsquo;obus de canon 88. Grande dimension : 59,8cm x 50cm (environ) &#8211; \u00c9paisseur : 18mm En l&rsquo;\u00e9tat, usures) &#8211; Large<a class=\"more-link\" href=\"https:\/\/military-classic-auction.com\/en\/product\/pont-provisoire-tucker-bridge-carentan-1944\/\">Read more  &#10230;<\/a><\/p>","protected":false},"featured_media":13616,"template":"","meta":[],"product_brand":[],"product_cat":[74],"product_tag":[],"class_list":{"0":"post-14239","1":"product","2":"type-product","3":"status-publish","4":"has-post-thumbnail","6":"product_cat-wartime-photos-collection","8":"first","9":"instock","10":"sold-individually","11":"purchasable","12":"product-type-auction"},"aioseo_notices":[],"_links":{"self":[{"href":"https:\/\/military-classic-auction.com\/en\/wp-json\/wp\/v2\/product\/14239","targetHints":{"allow":["GET"]}}],"collection":[{"href":"https:\/\/military-classic-auction.com\/en\/wp-json\/wp\/v2\/product"}],"about":[{"href":"https:\/\/military-classic-auction.com\/en\/wp-json\/wp\/v2\/types\/product"}],"wp:featuredmedia":[{"embeddable":true,"href":"https:\/\/military-classic-auction.com\/en\/wp-json\/wp\/v2\/media\/13616"}],"wp:attachment":[{"href":"https:\/\/military-classic-auction.com\/en\/wp-json\/wp\/v2\/media?parent=14239"}],"wp:term":[{"taxonomy":"product_brand","embeddable":true,"href":"https:\/\/military-classic-auction.com\/en\/wp-json\/wp\/v2\/product_brand?post=14239"},{"taxonomy":"product_cat","embeddable":true,"href":"https:\/\/military-classic-auction.com\/en\/wp-json\/wp\/v2\/product_cat?post=14239"},{"taxonomy":"product_tag","embeddable":true,"href":"https:\/\/military-classic-auction.com\/en\/wp-json\/wp\/v2\/product_tag?post=14239"}],"curies":[{"name":"wp","href":"https:\/\/api.w.org\/{rel}","templated":true}]}}