{"id":14238,"date":"2024-09-27T11:28:11","date_gmt":"2024-09-27T11:28:11","guid":{"rendered":"https:\/\/military-classic-auction.com\/?post_type=product&#038;p=14238"},"modified":"2024-09-27T11:28:11","modified_gmt":"2024-09-27T11:28:11","slug":"vive-de-gaulle-liberation-de-carentan","status":"publish","type":"product","link":"https:\/\/military-classic-auction.com\/en\/product\/vive-de-gaulle-liberation-de-carentan\/","title":{"rendered":"\u00ab\u00a0Vive De Gaulle\u00a0\u00bb &#8211; Lib\u00e9ration de Carentan"},"content":{"rendered":"<p>\u00ab\u00a0Vive De Gaulle\u00a0\u00bb &#8211; Lib\u00e9ration de Carentan<br \/>\nJuin 1944<br \/>\nGrande dimension : 60cm x 50cm (environ) &#8211; \u00c9paisseur : 18mm<br \/>\n(En l&rsquo;\u00e9tat, usures, accrocs)<br \/>\n&#8211;<br \/>\nLarge dimension : 23,6&Prime; x 19,6&Prime; (approximately) &#8211; Thickness : 0,7&Prime;<\/p>","protected":false},"excerpt":{"rendered":"<p>\u00ab\u00a0Vive De Gaulle\u00a0\u00bb &#8211; Lib\u00e9ration de Carentan Juin 1944 Grande dimension : 60cm x 50cm (environ) &#8211; \u00c9paisseur : 18mm (En l&rsquo;\u00e9tat, usures, accrocs) &#8211; Large dimension : 23,6&Prime; x 19,6&Prime; (approximately) &#8211; Thickness : 0,7&Prime;<\/p>","protected":false},"featured_media":13613,"template":"","meta":[],"product_brand":[],"product_cat":[74],"product_tag":[],"class_list":{"0":"post-14238","1":"product","2":"type-product","3":"status-publish","4":"has-post-thumbnail","6":"product_cat-wartime-photos-collection","8":"first","9":"instock","10":"sold-individually","11":"purchasable","12":"product-type-auction"},"aioseo_notices":[],"_links":{"self":[{"href":"https:\/\/military-classic-auction.com\/en\/wp-json\/wp\/v2\/product\/14238","targetHints":{"allow":["GET"]}}],"collection":[{"href":"https:\/\/military-classic-auction.com\/en\/wp-json\/wp\/v2\/product"}],"about":[{"href":"https:\/\/military-classic-auction.com\/en\/wp-json\/wp\/v2\/types\/product"}],"wp:featuredmedia":[{"embeddable":true,"href":"https:\/\/military-classic-auction.com\/en\/wp-json\/wp\/v2\/media\/13613"}],"wp:attachment":[{"href":"https:\/\/military-classic-auction.com\/en\/wp-json\/wp\/v2\/media?parent=14238"}],"wp:term":[{"taxonomy":"product_brand","embeddable":true,"href":"https:\/\/military-classic-auction.com\/en\/wp-json\/wp\/v2\/product_brand?post=14238"},{"taxonomy":"product_cat","embeddable":true,"href":"https:\/\/military-classic-auction.com\/en\/wp-json\/wp\/v2\/product_cat?post=14238"},{"taxonomy":"product_tag","embeddable":true,"href":"https:\/\/military-classic-auction.com\/en\/wp-json\/wp\/v2\/product_tag?post=14238"}],"curies":[{"name":"wp","href":"https:\/\/api.w.org\/{rel}","templated":true}]}}