{"id":14237,"date":"2024-09-27T11:28:08","date_gmt":"2024-09-27T11:28:08","guid":{"rendered":"https:\/\/military-classic-auction.com\/?post_type=product&#038;p=14237"},"modified":"2024-10-05T11:45:16","modified_gmt":"2024-10-05T09:45:16","slug":"plaque-commemorative-de-la-liberation-de-carentan","status":"publish","type":"product","link":"https:\/\/military-classic-auction.com\/en\/product\/plaque-commemorative-de-la-liberation-de-carentan\/","title":{"rendered":"Plaque comm\u00e9morative de la lib\u00e9ration de Carentan"},"content":{"rendered":"<p>Plaque comm\u00e9morative de la lib\u00e9ration de Carentan<br \/>\n12 juin 1944 &#8211; 101st Airborne Division<br \/>\nGrande dimension : 61cm x 27cm (environ) &#8211; \u00c9paisseur : 18mm<br \/>\n(En l&rsquo;\u00e9tat, usures)<br \/>\n&#8211;<br \/>\nLarge dimension : 24&Prime; x 10,6&Prime; (approximately) &#8211; Thickness : 0,7&Prime;<\/p>","protected":false},"excerpt":{"rendered":"<p>Plaque comm\u00e9morative de la lib\u00e9ration de Carentan 12 juin 1944 &#8211; 101st Airborne Division Grande dimension : 61cm x 27cm (environ) &#8211; \u00c9paisseur : 18mm (En l&rsquo;\u00e9tat, usures) &#8211; Large dimension : 24&Prime; x 10,6&Prime; (approximately) &#8211; Thickness : 0,7&Prime;<\/p>","protected":false},"featured_media":13608,"template":"","meta":[],"product_brand":[],"product_cat":[74],"product_tag":[],"class_list":{"0":"post-14237","1":"product","2":"type-product","3":"status-publish","4":"has-post-thumbnail","6":"product_cat-wartime-photos-collection","8":"first","9":"instock","10":"sold-individually","11":"purchasable","12":"product-type-auction"},"aioseo_notices":[],"_links":{"self":[{"href":"https:\/\/military-classic-auction.com\/en\/wp-json\/wp\/v2\/product\/14237","targetHints":{"allow":["GET"]}}],"collection":[{"href":"https:\/\/military-classic-auction.com\/en\/wp-json\/wp\/v2\/product"}],"about":[{"href":"https:\/\/military-classic-auction.com\/en\/wp-json\/wp\/v2\/types\/product"}],"wp:featuredmedia":[{"embeddable":true,"href":"https:\/\/military-classic-auction.com\/en\/wp-json\/wp\/v2\/media\/13608"}],"wp:attachment":[{"href":"https:\/\/military-classic-auction.com\/en\/wp-json\/wp\/v2\/media?parent=14237"}],"wp:term":[{"taxonomy":"product_brand","embeddable":true,"href":"https:\/\/military-classic-auction.com\/en\/wp-json\/wp\/v2\/product_brand?post=14237"},{"taxonomy":"product_cat","embeddable":true,"href":"https:\/\/military-classic-auction.com\/en\/wp-json\/wp\/v2\/product_cat?post=14237"},{"taxonomy":"product_tag","embeddable":true,"href":"https:\/\/military-classic-auction.com\/en\/wp-json\/wp\/v2\/product_tag?post=14237"}],"curies":[{"name":"wp","href":"https:\/\/api.w.org\/{rel}","templated":true}]}}