{"id":14235,"date":"2024-09-27T11:28:07","date_gmt":"2024-09-27T11:28:07","guid":{"rendered":"https:\/\/military-classic-auction.com\/?post_type=product&#038;p=14235"},"modified":"2024-10-03T11:33:24","modified_gmt":"2024-10-03T09:33:24","slug":"12-juin-1944-carentan","status":"publish","type":"product","link":"https:\/\/military-classic-auction.com\/en\/product\/12-juin-1944-carentan\/","title":{"rendered":"12 juin 1944 &#8211; Carentan"},"content":{"rendered":"<p>12 juin 1944 &#8211; Carentan<br \/>\nLes habitants de Carentan saluent l&rsquo;arriv\u00e9e des soldats am\u00e9ricains.<br \/>\nGrande dimension : 59,8cm x 50cm (environ) &#8211; \u00c9paisseur : 19mm<br \/>\n(En l&rsquo;\u00e9tat, usures, accrocs)<br \/>\n&#8211;<br \/>\nLarge dimension : 23,54&Prime; x 19,6&Prime; (approximately) &#8211; Thickness : 0,74&Prime;<\/p>","protected":false},"excerpt":{"rendered":"<p>12 juin 1944 &#8211; Carentan Les habitants de Carentan saluent l&rsquo;arriv\u00e9e des soldats am\u00e9ricains. Grande dimension : 59,8cm x 50cm (environ) &#8211; \u00c9paisseur : 19mm (En l&rsquo;\u00e9tat, usures, accrocs) &#8211; Large dimension : 23,54&Prime; x 19,6&Prime; (approximately) &#8211; Thickness : 0,74&Prime;<\/p>","protected":false},"featured_media":13600,"template":"","meta":[],"product_brand":[],"product_cat":[74],"product_tag":[],"class_list":{"0":"post-14235","1":"product","2":"type-product","3":"status-publish","4":"has-post-thumbnail","6":"product_cat-wartime-photos-collection","8":"first","9":"instock","10":"sold-individually","11":"purchasable","12":"product-type-auction"},"aioseo_notices":[],"_links":{"self":[{"href":"https:\/\/military-classic-auction.com\/en\/wp-json\/wp\/v2\/product\/14235","targetHints":{"allow":["GET"]}}],"collection":[{"href":"https:\/\/military-classic-auction.com\/en\/wp-json\/wp\/v2\/product"}],"about":[{"href":"https:\/\/military-classic-auction.com\/en\/wp-json\/wp\/v2\/types\/product"}],"wp:featuredmedia":[{"embeddable":true,"href":"https:\/\/military-classic-auction.com\/en\/wp-json\/wp\/v2\/media\/13600"}],"wp:attachment":[{"href":"https:\/\/military-classic-auction.com\/en\/wp-json\/wp\/v2\/media?parent=14235"}],"wp:term":[{"taxonomy":"product_brand","embeddable":true,"href":"https:\/\/military-classic-auction.com\/en\/wp-json\/wp\/v2\/product_brand?post=14235"},{"taxonomy":"product_cat","embeddable":true,"href":"https:\/\/military-classic-auction.com\/en\/wp-json\/wp\/v2\/product_cat?post=14235"},{"taxonomy":"product_tag","embeddable":true,"href":"https:\/\/military-classic-auction.com\/en\/wp-json\/wp\/v2\/product_tag?post=14235"}],"curies":[{"name":"wp","href":"https:\/\/api.w.org\/{rel}","templated":true}]}}