{"id":14227,"date":"2024-09-27T11:27:59","date_gmt":"2024-09-27T11:27:59","guid":{"rendered":"https:\/\/military-classic-auction.com\/?post_type=product&#038;p=14227"},"modified":"2024-10-05T09:48:56","modified_gmt":"2024-10-05T07:48:56","slug":"jeep-willys-dans-un-chemin-du-bocage-normand","status":"publish","type":"product","link":"https:\/\/military-classic-auction.com\/en\/product\/jeep-willys-dans-un-chemin-du-bocage-normand\/","title":{"rendered":"Jeep Willys dans un chemin du bocage Normand"},"content":{"rendered":"<p>Jeep Willys dans un chemin du bocage Normand<br \/>\nJeep \u00e9quip\u00e9e d&rsquo;un coupe-fil.<br \/>\nGrande dimension : 70cm x 50cm &#8211; \u00c9paisseur : 19mm<br \/>\n(En l&rsquo;\u00e9tat, usures)<br \/>\n&#8211;<br \/>\nLarge dimension : 27,5&Prime; x 19,6&Prime; (approximately) &#8211; Thickness : 0,74&Prime;<\/p>","protected":false},"excerpt":{"rendered":"<p>Jeep Willys dans un chemin du bocage Normand Jeep \u00e9quip\u00e9e d&rsquo;un coupe-fil. Grande dimension : 70cm x 50cm &#8211; \u00c9paisseur : 19mm (En l&rsquo;\u00e9tat, usures) &#8211; Large dimension : 27,5&Prime; x 19,6&Prime; (approximately) &#8211; Thickness : 0,74&Prime;<\/p>","protected":false},"featured_media":13565,"template":"","meta":[],"product_brand":[],"product_cat":[74],"product_tag":[],"class_list":{"0":"post-14227","1":"product","2":"type-product","3":"status-publish","4":"has-post-thumbnail","6":"product_cat-wartime-photos-collection","8":"first","9":"instock","10":"sold-individually","11":"purchasable","12":"product-type-auction"},"aioseo_notices":[],"_links":{"self":[{"href":"https:\/\/military-classic-auction.com\/en\/wp-json\/wp\/v2\/product\/14227","targetHints":{"allow":["GET"]}}],"collection":[{"href":"https:\/\/military-classic-auction.com\/en\/wp-json\/wp\/v2\/product"}],"about":[{"href":"https:\/\/military-classic-auction.com\/en\/wp-json\/wp\/v2\/types\/product"}],"wp:featuredmedia":[{"embeddable":true,"href":"https:\/\/military-classic-auction.com\/en\/wp-json\/wp\/v2\/media\/13565"}],"wp:attachment":[{"href":"https:\/\/military-classic-auction.com\/en\/wp-json\/wp\/v2\/media?parent=14227"}],"wp:term":[{"taxonomy":"product_brand","embeddable":true,"href":"https:\/\/military-classic-auction.com\/en\/wp-json\/wp\/v2\/product_brand?post=14227"},{"taxonomy":"product_cat","embeddable":true,"href":"https:\/\/military-classic-auction.com\/en\/wp-json\/wp\/v2\/product_cat?post=14227"},{"taxonomy":"product_tag","embeddable":true,"href":"https:\/\/military-classic-auction.com\/en\/wp-json\/wp\/v2\/product_tag?post=14227"}],"curies":[{"name":"wp","href":"https:\/\/api.w.org\/{rel}","templated":true}]}}