{"id":14215,"date":"2024-09-27T11:27:48","date_gmt":"2024-09-27T11:27:48","guid":{"rendered":"https:\/\/military-classic-auction.com\/?post_type=product&#038;p=14215"},"modified":"2024-10-05T11:46:28","modified_gmt":"2024-10-05T09:46:28","slug":"prisonnier-de-la-wehrmacht-omaha-beach","status":"publish","type":"product","link":"https:\/\/military-classic-auction.com\/en\/product\/prisonnier-de-la-wehrmacht-omaha-beach\/","title":{"rendered":"Prisonnier de la Wehrmacht &#8211; Omaha Beach"},"content":{"rendered":"<p>Prisonnier de la Wehrmacht &#8211; Omaha Beach<br \/>\nClich\u00e9 pris par le photographe Robert Capa.<br \/>\nGrande dimension : 70cm x 55cm (environ) &#8211; \u00c9paisseur : 18mm<br \/>\n(En l&rsquo;\u00e9tat, usures)<br \/>\n&#8211;<br \/>\nLarge dimension : 27,5&Prime; x 21,6&Prime; (approximately) &#8211; Thickness : 0,7&Prime;<\/p>","protected":false},"excerpt":{"rendered":"<p>Prisonnier de la Wehrmacht &#8211; Omaha Beach Clich\u00e9 pris par le photographe Robert Capa. Grande dimension : 70cm x 55cm (environ) &#8211; \u00c9paisseur : 18mm (En l&rsquo;\u00e9tat, usures) &#8211; Large dimension : 27,5&Prime; x 21,6&Prime; (approximately) &#8211; Thickness : 0,7&Prime;<\/p>","protected":false},"featured_media":13512,"template":"","meta":[],"product_brand":[],"product_cat":[74],"product_tag":[],"class_list":{"0":"post-14215","1":"product","2":"type-product","3":"status-publish","4":"has-post-thumbnail","6":"product_cat-wartime-photos-collection","8":"first","9":"instock","10":"sold-individually","11":"purchasable","12":"product-type-auction"},"aioseo_notices":[],"_links":{"self":[{"href":"https:\/\/military-classic-auction.com\/en\/wp-json\/wp\/v2\/product\/14215","targetHints":{"allow":["GET"]}}],"collection":[{"href":"https:\/\/military-classic-auction.com\/en\/wp-json\/wp\/v2\/product"}],"about":[{"href":"https:\/\/military-classic-auction.com\/en\/wp-json\/wp\/v2\/types\/product"}],"wp:featuredmedia":[{"embeddable":true,"href":"https:\/\/military-classic-auction.com\/en\/wp-json\/wp\/v2\/media\/13512"}],"wp:attachment":[{"href":"https:\/\/military-classic-auction.com\/en\/wp-json\/wp\/v2\/media?parent=14215"}],"wp:term":[{"taxonomy":"product_brand","embeddable":true,"href":"https:\/\/military-classic-auction.com\/en\/wp-json\/wp\/v2\/product_brand?post=14215"},{"taxonomy":"product_cat","embeddable":true,"href":"https:\/\/military-classic-auction.com\/en\/wp-json\/wp\/v2\/product_cat?post=14215"},{"taxonomy":"product_tag","embeddable":true,"href":"https:\/\/military-classic-auction.com\/en\/wp-json\/wp\/v2\/product_tag?post=14215"}],"curies":[{"name":"wp","href":"https:\/\/api.w.org\/{rel}","templated":true}]}}