{"id":14207,"date":"2024-09-27T11:27:41","date_gmt":"2024-09-27T11:27:41","guid":{"rendered":"https:\/\/military-classic-auction.com\/?post_type=product&#038;p=14207"},"modified":"2024-09-27T11:27:41","modified_gmt":"2024-09-27T11:27:41","slug":"carte-de-lavancee-du-506th-parachute-infantry-regiment-normandie-1944","status":"publish","type":"product","link":"https:\/\/military-classic-auction.com\/en\/product\/carte-de-lavancee-du-506th-parachute-infantry-regiment-normandie-1944\/","title":{"rendered":"Carte de l&rsquo;avanc\u00e9e du 506th Parachute Infantry Regiment &#8211; Normandie 1944"},"content":{"rendered":"<p>Carte de l&rsquo;avanc\u00e9e du 506th Parachute Infantry Regiment &#8211; Normandie 1944<br \/>\nJ+1, secteur Vierville \/ Saint C\u00f4me du Mont.<br \/>\nGrande dimension : 49,5cm x 34cm (environ) &#8211; \u00c9paisseur : 15mm<br \/>\n(En l&rsquo;\u00e9tat, usures, taches)<br \/>\n&#8211;<br \/>\nLarge dimension : 19,4&Prime; x 13,3&Prime; (approximately) &#8211; Thickness : 0,59&Prime;<\/p>","protected":false},"excerpt":{"rendered":"<p>Carte de l&rsquo;avanc\u00e9e du 506th Parachute Infantry Regiment &#8211; Normandie 1944 J+1, secteur Vierville \/ Saint C\u00f4me du Mont. Grande dimension : 49,5cm x 34cm (environ) &#8211; \u00c9paisseur : 15mm (En l&rsquo;\u00e9tat, usures, taches) &#8211; Large dimension : 19,4&Prime; x 13,3&Prime; (approximately) &#8211; Thickness : 0,59&Prime;<\/p>","protected":false},"featured_media":13475,"template":"","meta":[],"product_brand":[],"product_cat":[74],"product_tag":[],"class_list":{"0":"post-14207","1":"product","2":"type-product","3":"status-publish","4":"has-post-thumbnail","6":"product_cat-wartime-photos-collection","8":"first","9":"instock","10":"sold-individually","11":"purchasable","12":"product-type-auction"},"aioseo_notices":[],"_links":{"self":[{"href":"https:\/\/military-classic-auction.com\/en\/wp-json\/wp\/v2\/product\/14207","targetHints":{"allow":["GET"]}}],"collection":[{"href":"https:\/\/military-classic-auction.com\/en\/wp-json\/wp\/v2\/product"}],"about":[{"href":"https:\/\/military-classic-auction.com\/en\/wp-json\/wp\/v2\/types\/product"}],"wp:featuredmedia":[{"embeddable":true,"href":"https:\/\/military-classic-auction.com\/en\/wp-json\/wp\/v2\/media\/13475"}],"wp:attachment":[{"href":"https:\/\/military-classic-auction.com\/en\/wp-json\/wp\/v2\/media?parent=14207"}],"wp:term":[{"taxonomy":"product_brand","embeddable":true,"href":"https:\/\/military-classic-auction.com\/en\/wp-json\/wp\/v2\/product_brand?post=14207"},{"taxonomy":"product_cat","embeddable":true,"href":"https:\/\/military-classic-auction.com\/en\/wp-json\/wp\/v2\/product_cat?post=14207"},{"taxonomy":"product_tag","embeddable":true,"href":"https:\/\/military-classic-auction.com\/en\/wp-json\/wp\/v2\/product_tag?post=14207"}],"curies":[{"name":"wp","href":"https:\/\/api.w.org\/{rel}","templated":true}]}}