{"id":14204,"date":"2024-09-27T11:27:39","date_gmt":"2024-09-27T11:27:39","guid":{"rendered":"https:\/\/military-classic-auction.com\/?post_type=product&#038;p=14204"},"modified":"2024-09-27T11:27:39","modified_gmt":"2024-09-27T11:27:39","slug":"voie-ferree-detruite-carentan-1944","status":"publish","type":"product","link":"https:\/\/military-classic-auction.com\/en\/product\/voie-ferree-detruite-carentan-1944\/","title":{"rendered":"Voie ferr\u00e9e d\u00e9truite &#8211; Carentan 1944"},"content":{"rendered":"<p>Voie ferr\u00e9e d\u00e9truite &#8211; Carentan 1944<br \/>\nProximit\u00e9 de la gare.<br \/>\nGrande dimension : 59,8cm x 49,8cm &#8211; \u00c9paisseur : 17mm<br \/>\n(En l&rsquo;\u00e9tat, usures)<br \/>\n&#8211;<br \/>\nLarge dimension : 23,5&Prime; x 19,6&Prime; (approximately) &#8211; Thickness : 0,66&Prime;<\/p>","protected":false},"excerpt":{"rendered":"<p>Voie ferr\u00e9e d\u00e9truite &#8211; Carentan 1944 Proximit\u00e9 de la gare. Grande dimension : 59,8cm x 49,8cm &#8211; \u00c9paisseur : 17mm (En l&rsquo;\u00e9tat, usures) &#8211; Large dimension : 23,5&Prime; x 19,6&Prime; (approximately) &#8211; Thickness : 0,66&Prime;<\/p>","protected":false},"featured_media":13464,"template":"","meta":[],"product_brand":[],"product_cat":[74],"product_tag":[],"class_list":{"0":"post-14204","1":"product","2":"type-product","3":"status-publish","4":"has-post-thumbnail","6":"product_cat-wartime-photos-collection","8":"first","9":"instock","10":"sold-individually","11":"purchasable","12":"product-type-auction"},"aioseo_notices":[],"_links":{"self":[{"href":"https:\/\/military-classic-auction.com\/en\/wp-json\/wp\/v2\/product\/14204","targetHints":{"allow":["GET"]}}],"collection":[{"href":"https:\/\/military-classic-auction.com\/en\/wp-json\/wp\/v2\/product"}],"about":[{"href":"https:\/\/military-classic-auction.com\/en\/wp-json\/wp\/v2\/types\/product"}],"wp:featuredmedia":[{"embeddable":true,"href":"https:\/\/military-classic-auction.com\/en\/wp-json\/wp\/v2\/media\/13464"}],"wp:attachment":[{"href":"https:\/\/military-classic-auction.com\/en\/wp-json\/wp\/v2\/media?parent=14204"}],"wp:term":[{"taxonomy":"product_brand","embeddable":true,"href":"https:\/\/military-classic-auction.com\/en\/wp-json\/wp\/v2\/product_brand?post=14204"},{"taxonomy":"product_cat","embeddable":true,"href":"https:\/\/military-classic-auction.com\/en\/wp-json\/wp\/v2\/product_cat?post=14204"},{"taxonomy":"product_tag","embeddable":true,"href":"https:\/\/military-classic-auction.com\/en\/wp-json\/wp\/v2\/product_tag?post=14204"}],"curies":[{"name":"wp","href":"https:\/\/api.w.org\/{rel}","templated":true}]}}