{"id":14203,"date":"2024-09-27T11:27:38","date_gmt":"2024-09-27T11:27:38","guid":{"rendered":"https:\/\/military-classic-auction.com\/?post_type=product&#038;p=14203"},"modified":"2024-09-27T11:27:39","modified_gmt":"2024-09-27T11:27:39","slug":"carte-de-lavancee-ennemi-sur-les-positions-defensives-11-juin-1944","status":"publish","type":"product","link":"https:\/\/military-classic-auction.com\/en\/product\/carte-de-lavancee-ennemi-sur-les-positions-defensives-11-juin-1944\/","title":{"rendered":"Carte de l&rsquo;avanc\u00e9e ennemi sur les positions d\u00e9fensives &#8211; 11 juin 1944"},"content":{"rendered":"<p>Carte de l&rsquo;avanc\u00e9e ennemi sur les positions d\u00e9fensives &#8211; 11 juin 1944<br \/>\nSecteur : Carentan<br \/>\nGrande dimension : 50cm x 37cm (environ) &#8211; \u00c9paisseur : 15mm<br \/>\n(En l&rsquo;\u00e9tat, usures, taches)<br \/>\n&#8211;<br \/>\nLarge dimension : 19,6&Prime; x 14,5&Prime; (approximately) &#8211; Thickness : 0,59&Prime;<\/p>","protected":false},"excerpt":{"rendered":"<p>Carte de l&rsquo;avanc\u00e9e ennemi sur les positions d\u00e9fensives &#8211; 11 juin 1944 Secteur : Carentan Grande dimension : 50cm x 37cm (environ) &#8211; \u00c9paisseur : 15mm (En l&rsquo;\u00e9tat, usures, taches) &#8211; Large dimension : 19,6&Prime; x 14,5&Prime; (approximately) &#8211; Thickness : 0,59&Prime;<\/p>","protected":false},"featured_media":13460,"template":"","meta":[],"product_brand":[],"product_cat":[74],"product_tag":[],"class_list":{"0":"post-14203","1":"product","2":"type-product","3":"status-publish","4":"has-post-thumbnail","6":"product_cat-wartime-photos-collection","8":"first","9":"instock","10":"sold-individually","11":"purchasable","12":"product-type-auction"},"aioseo_notices":[],"_links":{"self":[{"href":"https:\/\/military-classic-auction.com\/en\/wp-json\/wp\/v2\/product\/14203","targetHints":{"allow":["GET"]}}],"collection":[{"href":"https:\/\/military-classic-auction.com\/en\/wp-json\/wp\/v2\/product"}],"about":[{"href":"https:\/\/military-classic-auction.com\/en\/wp-json\/wp\/v2\/types\/product"}],"wp:featuredmedia":[{"embeddable":true,"href":"https:\/\/military-classic-auction.com\/en\/wp-json\/wp\/v2\/media\/13460"}],"wp:attachment":[{"href":"https:\/\/military-classic-auction.com\/en\/wp-json\/wp\/v2\/media?parent=14203"}],"wp:term":[{"taxonomy":"product_brand","embeddable":true,"href":"https:\/\/military-classic-auction.com\/en\/wp-json\/wp\/v2\/product_brand?post=14203"},{"taxonomy":"product_cat","embeddable":true,"href":"https:\/\/military-classic-auction.com\/en\/wp-json\/wp\/v2\/product_cat?post=14203"},{"taxonomy":"product_tag","embeddable":true,"href":"https:\/\/military-classic-auction.com\/en\/wp-json\/wp\/v2\/product_tag?post=14203"}],"curies":[{"name":"wp","href":"https:\/\/api.w.org\/{rel}","templated":true}]}}