{"id":14201,"date":"2024-09-27T11:27:37","date_gmt":"2024-09-27T11:27:37","guid":{"rendered":"https:\/\/military-classic-auction.com\/?post_type=product&#038;p=14201"},"modified":"2024-09-29T11:08:56","modified_gmt":"2024-09-29T09:08:56","slug":"char-sherman-hedge-cutter","status":"publish","type":"product","link":"https:\/\/military-classic-auction.com\/en\/product\/char-sherman-hedge-cutter\/","title":{"rendered":"Char Sherman \u00ab\u00a0Hedge-cutter\u00a0\u00bb"},"content":{"rendered":"<p>Char Sherman \u00ab\u00a0Hedge-cutter\u00a0\u00bb<br \/>\nLe sergent Curtis G. Culin de la 2e division blind\u00e9e am\u00e9ricaine, a l&rsquo;id\u00e9e de fixer \u00e0 l&rsquo;avant de chars M4 Sherman, M3 Stuart et M10 Destroyer, des lames en m\u00e9tal permettant d&rsquo;arracher les pieds des haies et facilitant ainsi la progression \u00e0 travers le bocage. Ces lames sont fabriqu\u00e9es \u00e0 partir des obstacles m\u00e9talliques utilis\u00e9s par la Wehrmacht pour s&rsquo;opposer au d\u00e9barquement sur les plages, en particulier les h\u00e9rissons tch\u00e8ques.<br \/>\nGrande dimension : 70cm x 55cm (environ) &#8211; \u00c9paisseur : 18mm<br \/>\n(En l&rsquo;\u00e9tat, usures, taches, accrocs)<br \/>\n&#8211;<br \/>\nLarge dimension : 27,5&Prime; x 21,6&Prime; (approximately) &#8211; Thickness : 0,7&Prime;<\/p>","protected":false},"excerpt":{"rendered":"<p>Char Sherman \u00ab\u00a0Hedge-cutter\u00a0\u00bb Le sergent Curtis G. Culin de la 2e division blind\u00e9e am\u00e9ricaine, a l&rsquo;id\u00e9e de fixer \u00e0 l&rsquo;avant de chars M4 Sherman, M3 Stuart et M10 Destroyer, des lames en m\u00e9tal permettant d&rsquo;arracher les pieds des haies et facilitant ainsi la progression \u00e0 travers le bocage. Ces lames sont fabriqu\u00e9es \u00e0 partir des<a class=\"more-link\" href=\"https:\/\/military-classic-auction.com\/en\/product\/char-sherman-hedge-cutter\/\">Read more  &#10230;<\/a><\/p>","protected":false},"featured_media":13453,"template":"","meta":[],"product_brand":[],"product_cat":[74],"product_tag":[],"class_list":{"0":"post-14201","1":"product","2":"type-product","3":"status-publish","4":"has-post-thumbnail","6":"product_cat-wartime-photos-collection","8":"first","9":"instock","10":"sold-individually","11":"purchasable","12":"product-type-auction"},"aioseo_notices":[],"_links":{"self":[{"href":"https:\/\/military-classic-auction.com\/en\/wp-json\/wp\/v2\/product\/14201","targetHints":{"allow":["GET"]}}],"collection":[{"href":"https:\/\/military-classic-auction.com\/en\/wp-json\/wp\/v2\/product"}],"about":[{"href":"https:\/\/military-classic-auction.com\/en\/wp-json\/wp\/v2\/types\/product"}],"wp:featuredmedia":[{"embeddable":true,"href":"https:\/\/military-classic-auction.com\/en\/wp-json\/wp\/v2\/media\/13453"}],"wp:attachment":[{"href":"https:\/\/military-classic-auction.com\/en\/wp-json\/wp\/v2\/media?parent=14201"}],"wp:term":[{"taxonomy":"product_brand","embeddable":true,"href":"https:\/\/military-classic-auction.com\/en\/wp-json\/wp\/v2\/product_brand?post=14201"},{"taxonomy":"product_cat","embeddable":true,"href":"https:\/\/military-classic-auction.com\/en\/wp-json\/wp\/v2\/product_cat?post=14201"},{"taxonomy":"product_tag","embeddable":true,"href":"https:\/\/military-classic-auction.com\/en\/wp-json\/wp\/v2\/product_tag?post=14201"}],"curies":[{"name":"wp","href":"https:\/\/api.w.org\/{rel}","templated":true}]}}