{"id":14200,"date":"2024-09-27T11:27:36","date_gmt":"2024-09-27T11:27:36","guid":{"rendered":"https:\/\/military-classic-auction.com\/?post_type=product&#038;p=14200"},"modified":"2024-09-28T10:19:47","modified_gmt":"2024-09-28T08:19:47","slug":"parachutistes-americains-le-12-juin-1944","status":"publish","type":"product","link":"https:\/\/military-classic-auction.com\/en\/product\/parachutistes-americains-le-12-juin-1944\/","title":{"rendered":"Parachutistes am\u00e9ricains le 12 juin 1944"},"content":{"rendered":"<p>Parachutistes am\u00e9ricains le 12 juin 1944<br \/>\nLieu : Route d&rsquo;Auvers<br \/>\nGrande dimension : 60cm x 47,8cm (environ) &#8211; \u00c9paisseur : 19mm<br \/>\n(En l&rsquo;\u00e9tat, usures)<br \/>\n&#8211;<br \/>\nLarge dimension : 23,6&Prime; x 18,8&Prime; (approximately) &#8211; Thickness : 0,74&Prime;<\/p>","protected":false},"excerpt":{"rendered":"<p>Parachutistes am\u00e9ricains le 12 juin 1944 Lieu : Route d&rsquo;Auvers Grande dimension : 60cm x 47,8cm (environ) &#8211; \u00c9paisseur : 19mm (En l&rsquo;\u00e9tat, usures) &#8211; Large dimension : 23,6&Prime; x 18,8&Prime; (approximately) &#8211; Thickness : 0,74&Prime;<\/p>","protected":false},"featured_media":13448,"template":"","meta":[],"product_brand":[],"product_cat":[74],"product_tag":[],"class_list":{"0":"post-14200","1":"product","2":"type-product","3":"status-publish","4":"has-post-thumbnail","6":"product_cat-wartime-photos-collection","8":"first","9":"instock","10":"sold-individually","11":"purchasable","12":"product-type-auction"},"aioseo_notices":[],"_links":{"self":[{"href":"https:\/\/military-classic-auction.com\/en\/wp-json\/wp\/v2\/product\/14200","targetHints":{"allow":["GET"]}}],"collection":[{"href":"https:\/\/military-classic-auction.com\/en\/wp-json\/wp\/v2\/product"}],"about":[{"href":"https:\/\/military-classic-auction.com\/en\/wp-json\/wp\/v2\/types\/product"}],"wp:featuredmedia":[{"embeddable":true,"href":"https:\/\/military-classic-auction.com\/en\/wp-json\/wp\/v2\/media\/13448"}],"wp:attachment":[{"href":"https:\/\/military-classic-auction.com\/en\/wp-json\/wp\/v2\/media?parent=14200"}],"wp:term":[{"taxonomy":"product_brand","embeddable":true,"href":"https:\/\/military-classic-auction.com\/en\/wp-json\/wp\/v2\/product_brand?post=14200"},{"taxonomy":"product_cat","embeddable":true,"href":"https:\/\/military-classic-auction.com\/en\/wp-json\/wp\/v2\/product_cat?post=14200"},{"taxonomy":"product_tag","embeddable":true,"href":"https:\/\/military-classic-auction.com\/en\/wp-json\/wp\/v2\/product_tag?post=14200"}],"curies":[{"name":"wp","href":"https:\/\/api.w.org\/{rel}","templated":true}]}}