{"id":14192,"date":"2024-09-27T11:27:30","date_gmt":"2024-09-27T11:27:30","guid":{"rendered":"https:\/\/military-classic-auction.com\/?post_type=product&#038;p=14192"},"modified":"2024-09-29T11:07:54","modified_gmt":"2024-09-29T09:07:54","slug":"trois-soldats-de-la-wehrmacht-recharge-une-mitrailleuse-mg34","status":"publish","type":"product","link":"https:\/\/military-classic-auction.com\/en\/product\/trois-soldats-de-la-wehrmacht-recharge-une-mitrailleuse-mg34\/","title":{"rendered":"Trois soldats de la Wehrmacht recharge une mitrailleuse MG34"},"content":{"rendered":"<p>Trois soldats de la Wehrmacht recharge une mitrailleuse MG34<br \/>\nLieu inconnu.<br \/>\nSignature pr\u00e9sente en bas \u00e0 droite.<br \/>\nGrande dimension : 100cm x 100cm &#8211; \u00c9paisseur : 18mm<br \/>\n(En l&rsquo;\u00e9tat, usures, petits \u00e9clats)<br \/>\n&#8211;<br \/>\nLarge dimension : 39,3&Prime; x 39,3&Prime; (approximately) &#8211; Thickness : 0,7&Prime;<\/p>","protected":false},"excerpt":{"rendered":"<p>Trois soldats de la Wehrmacht recharge une mitrailleuse MG34 Lieu inconnu. Signature pr\u00e9sente en bas \u00e0 droite. Grande dimension : 100cm x 100cm &#8211; \u00c9paisseur : 18mm (En l&rsquo;\u00e9tat, usures, petits \u00e9clats) &#8211; Large dimension : 39,3&Prime; x 39,3&Prime; (approximately) &#8211; Thickness : 0,7&Prime;<\/p>","protected":false},"featured_media":13416,"template":"","meta":[],"product_brand":[],"product_cat":[74],"product_tag":[],"class_list":{"0":"post-14192","1":"product","2":"type-product","3":"status-publish","4":"has-post-thumbnail","6":"product_cat-wartime-photos-collection","8":"first","9":"instock","10":"sold-individually","11":"purchasable","12":"product-type-auction"},"aioseo_notices":[],"_links":{"self":[{"href":"https:\/\/military-classic-auction.com\/en\/wp-json\/wp\/v2\/product\/14192","targetHints":{"allow":["GET"]}}],"collection":[{"href":"https:\/\/military-classic-auction.com\/en\/wp-json\/wp\/v2\/product"}],"about":[{"href":"https:\/\/military-classic-auction.com\/en\/wp-json\/wp\/v2\/types\/product"}],"wp:featuredmedia":[{"embeddable":true,"href":"https:\/\/military-classic-auction.com\/en\/wp-json\/wp\/v2\/media\/13416"}],"wp:attachment":[{"href":"https:\/\/military-classic-auction.com\/en\/wp-json\/wp\/v2\/media?parent=14192"}],"wp:term":[{"taxonomy":"product_brand","embeddable":true,"href":"https:\/\/military-classic-auction.com\/en\/wp-json\/wp\/v2\/product_brand?post=14192"},{"taxonomy":"product_cat","embeddable":true,"href":"https:\/\/military-classic-auction.com\/en\/wp-json\/wp\/v2\/product_cat?post=14192"},{"taxonomy":"product_tag","embeddable":true,"href":"https:\/\/military-classic-auction.com\/en\/wp-json\/wp\/v2\/product_tag?post=14192"}],"curies":[{"name":"wp","href":"https:\/\/api.w.org\/{rel}","templated":true}]}}