{"id":14190,"date":"2024-09-27T11:27:28","date_gmt":"2024-09-27T11:27:28","guid":{"rendered":"https:\/\/military-classic-auction.com\/?post_type=product&#038;p=14190"},"modified":"2024-10-05T09:27:34","modified_gmt":"2024-10-05T07:27:34","slug":"gis-dans-une-jeep-willys-carentan-juin-1944","status":"publish","type":"product","link":"https:\/\/military-classic-auction.com\/en\/product\/gis-dans-une-jeep-willys-carentan-juin-1944\/","title":{"rendered":"Gi&rsquo;s dans une jeep willys &#8211; Carentan &#8211; Juin 1944"},"content":{"rendered":"<p>Gi&rsquo;s dans une jeep willys &#8211; Carentan &#8211; Juin 1944<br \/>\nPlace de la R\u00e9publique.<br \/>\nGrande dimension : 59,5cm x 44cm (environ) &#8211; \u00c9paisseur : 19mm<br \/>\n(En l&rsquo;\u00e9tat, usures, taches, accrocs)<br \/>\n&#8211;<br \/>\nLarge dimension : 23,4&Prime; x 17,3&Prime; (approximately) &#8211; Thickness : 0,74&Prime;<\/p>","protected":false},"excerpt":{"rendered":"<p>Gi&rsquo;s dans une jeep willys &#8211; Carentan &#8211; Juin 1944 Place de la R\u00e9publique. Grande dimension : 59,5cm x 44cm (environ) &#8211; \u00c9paisseur : 19mm (En l&rsquo;\u00e9tat, usures, taches, accrocs) &#8211; Large dimension : 23,4&Prime; x 17,3&Prime; (approximately) &#8211; Thickness : 0,74&Prime;<\/p>","protected":false},"featured_media":13406,"template":"","meta":[],"product_brand":[],"product_cat":[74],"product_tag":[],"class_list":{"0":"post-14190","1":"product","2":"type-product","3":"status-publish","4":"has-post-thumbnail","6":"product_cat-wartime-photos-collection","8":"first","9":"instock","10":"sold-individually","11":"purchasable","12":"product-type-auction"},"aioseo_notices":[],"_links":{"self":[{"href":"https:\/\/military-classic-auction.com\/en\/wp-json\/wp\/v2\/product\/14190","targetHints":{"allow":["GET"]}}],"collection":[{"href":"https:\/\/military-classic-auction.com\/en\/wp-json\/wp\/v2\/product"}],"about":[{"href":"https:\/\/military-classic-auction.com\/en\/wp-json\/wp\/v2\/types\/product"}],"wp:featuredmedia":[{"embeddable":true,"href":"https:\/\/military-classic-auction.com\/en\/wp-json\/wp\/v2\/media\/13406"}],"wp:attachment":[{"href":"https:\/\/military-classic-auction.com\/en\/wp-json\/wp\/v2\/media?parent=14190"}],"wp:term":[{"taxonomy":"product_brand","embeddable":true,"href":"https:\/\/military-classic-auction.com\/en\/wp-json\/wp\/v2\/product_brand?post=14190"},{"taxonomy":"product_cat","embeddable":true,"href":"https:\/\/military-classic-auction.com\/en\/wp-json\/wp\/v2\/product_cat?post=14190"},{"taxonomy":"product_tag","embeddable":true,"href":"https:\/\/military-classic-auction.com\/en\/wp-json\/wp\/v2\/product_tag?post=14190"}],"curies":[{"name":"wp","href":"https:\/\/api.w.org\/{rel}","templated":true}]}}