{"id":14189,"date":"2024-09-27T11:27:28","date_gmt":"2024-09-27T11:27:28","guid":{"rendered":"https:\/\/military-classic-auction.com\/?post_type=product&#038;p=14189"},"modified":"2024-10-05T11:50:27","modified_gmt":"2024-10-05T09:50:27","slug":"parachutistes-americains-dans-les-rues-de-carentan","status":"publish","type":"product","link":"https:\/\/military-classic-auction.com\/en\/product\/parachutistes-americains-dans-les-rues-de-carentan\/","title":{"rendered":"Parachutistes am\u00e9ricains dans les rues de Carentan"},"content":{"rendered":"<p>Parachutistes am\u00e9ricains dans les rues de Carentan<br \/>\nGrande dimension : 60cm x 40,7cm (environ) &#8211; \u00c9paisseur : 18mm<br \/>\n(En l&rsquo;\u00e9tat, deux agrafes dans le haut du tableau)<br \/>\n&#8211;<br \/>\nLarge dimension : 23,6&Prime; x 16&Prime; (approximately) &#8211; Thickness : 0,7&Prime;<\/p>","protected":false},"excerpt":{"rendered":"<p>Parachutistes am\u00e9ricains dans les rues de Carentan Grande dimension : 60cm x 40,7cm (environ) &#8211; \u00c9paisseur : 18mm (En l&rsquo;\u00e9tat, deux agrafes dans le haut du tableau) &#8211; Large dimension : 23,6&Prime; x 16&Prime; (approximately) &#8211; Thickness : 0,7&Prime;<\/p>","protected":false},"featured_media":13401,"template":"","meta":[],"product_brand":[],"product_cat":[74],"product_tag":[],"class_list":{"0":"post-14189","1":"product","2":"type-product","3":"status-publish","4":"has-post-thumbnail","6":"product_cat-wartime-photos-collection","8":"first","9":"instock","10":"sold-individually","11":"purchasable","12":"product-type-auction"},"aioseo_notices":[],"_links":{"self":[{"href":"https:\/\/military-classic-auction.com\/en\/wp-json\/wp\/v2\/product\/14189","targetHints":{"allow":["GET"]}}],"collection":[{"href":"https:\/\/military-classic-auction.com\/en\/wp-json\/wp\/v2\/product"}],"about":[{"href":"https:\/\/military-classic-auction.com\/en\/wp-json\/wp\/v2\/types\/product"}],"wp:featuredmedia":[{"embeddable":true,"href":"https:\/\/military-classic-auction.com\/en\/wp-json\/wp\/v2\/media\/13401"}],"wp:attachment":[{"href":"https:\/\/military-classic-auction.com\/en\/wp-json\/wp\/v2\/media?parent=14189"}],"wp:term":[{"taxonomy":"product_brand","embeddable":true,"href":"https:\/\/military-classic-auction.com\/en\/wp-json\/wp\/v2\/product_brand?post=14189"},{"taxonomy":"product_cat","embeddable":true,"href":"https:\/\/military-classic-auction.com\/en\/wp-json\/wp\/v2\/product_cat?post=14189"},{"taxonomy":"product_tag","embeddable":true,"href":"https:\/\/military-classic-auction.com\/en\/wp-json\/wp\/v2\/product_tag?post=14189"}],"curies":[{"name":"wp","href":"https:\/\/api.w.org\/{rel}","templated":true}]}}