{"id":14187,"date":"2024-09-27T11:27:25","date_gmt":"2024-09-27T11:27:25","guid":{"rendered":"https:\/\/military-classic-auction.com\/?post_type=product&#038;p=14187"},"modified":"2024-09-29T11:05:11","modified_gmt":"2024-09-29T09:05:11","slug":"soldats-americains-dans-carentan","status":"publish","type":"product","link":"https:\/\/military-classic-auction.com\/en\/product\/soldats-americains-dans-carentan\/","title":{"rendered":"Soldats am\u00e9ricains dans Carentan"},"content":{"rendered":"<p>Soldats am\u00e9ricains dans Carentan<br \/>\nJuin 1944<br \/>\nGrande dimension : 59,5cm x 47cm (environ) &#8211; \u00c9paisseur : 19mm<br \/>\n(En l&rsquo;\u00e9tat, usures, petits accrocs)<br \/>\n&#8211;<br \/>\nLarge dimension : 23,4&Prime; x 18,5&Prime; (approximately) &#8211; Thickness : 0,74&Prime;<\/p>","protected":false},"excerpt":{"rendered":"<p>Soldats am\u00e9ricains dans Carentan Juin 1944 Grande dimension : 59,5cm x 47cm (environ) &#8211; \u00c9paisseur : 19mm (En l&rsquo;\u00e9tat, usures, petits accrocs) &#8211; Large dimension : 23,4&Prime; x 18,5&Prime; (approximately) &#8211; Thickness : 0,74&Prime;<\/p>","protected":false},"featured_media":13394,"template":"","meta":[],"product_brand":[],"product_cat":[74],"product_tag":[],"class_list":{"0":"post-14187","1":"product","2":"type-product","3":"status-publish","4":"has-post-thumbnail","6":"product_cat-wartime-photos-collection","8":"first","9":"instock","10":"sold-individually","11":"purchasable","12":"product-type-auction"},"aioseo_notices":[],"_links":{"self":[{"href":"https:\/\/military-classic-auction.com\/en\/wp-json\/wp\/v2\/product\/14187","targetHints":{"allow":["GET"]}}],"collection":[{"href":"https:\/\/military-classic-auction.com\/en\/wp-json\/wp\/v2\/product"}],"about":[{"href":"https:\/\/military-classic-auction.com\/en\/wp-json\/wp\/v2\/types\/product"}],"wp:featuredmedia":[{"embeddable":true,"href":"https:\/\/military-classic-auction.com\/en\/wp-json\/wp\/v2\/media\/13394"}],"wp:attachment":[{"href":"https:\/\/military-classic-auction.com\/en\/wp-json\/wp\/v2\/media?parent=14187"}],"wp:term":[{"taxonomy":"product_brand","embeddable":true,"href":"https:\/\/military-classic-auction.com\/en\/wp-json\/wp\/v2\/product_brand?post=14187"},{"taxonomy":"product_cat","embeddable":true,"href":"https:\/\/military-classic-auction.com\/en\/wp-json\/wp\/v2\/product_cat?post=14187"},{"taxonomy":"product_tag","embeddable":true,"href":"https:\/\/military-classic-auction.com\/en\/wp-json\/wp\/v2\/product_tag?post=14187"}],"curies":[{"name":"wp","href":"https:\/\/api.w.org\/{rel}","templated":true}]}}