{"id":14181,"date":"2024-09-27T11:27:21","date_gmt":"2024-09-27T11:27:21","guid":{"rendered":"https:\/\/military-classic-auction.com\/?post_type=product&#038;p=14181"},"modified":"2024-09-27T11:27:21","modified_gmt":"2024-09-27T11:27:21","slug":"soldat-de-la-wehrmacht-avec-un-panzerfaust","status":"publish","type":"product","link":"https:\/\/military-classic-auction.com\/en\/product\/soldat-de-la-wehrmacht-avec-un-panzerfaust\/","title":{"rendered":"Soldat de la Wehrmacht avec un Panzerfaust"},"content":{"rendered":"<p>Soldat de la Wehrmacht avec un Panzerfaust<br \/>\nBlind\u00e9 d\u00e9truit en arri\u00e8re-plan.<br \/>\nGrande dimension : 70cm x 61cm (environ) &#8211; \u00c9paisseur : 18mm<br \/>\n(En l&rsquo;\u00e9tat, usures, taches)<br \/>\n&#8211;<br \/>\nLarge dimension : 27,5&Prime; x 24&Prime; (approximately) &#8211; Thickness : 0,7&Prime;<\/p>","protected":false},"excerpt":{"rendered":"<p>Soldat de la Wehrmacht avec un Panzerfaust Blind\u00e9 d\u00e9truit en arri\u00e8re-plan. Grande dimension : 70cm x 61cm (environ) &#8211; \u00c9paisseur : 18mm (En l&rsquo;\u00e9tat, usures, taches) &#8211; Large dimension : 27,5&Prime; x 24&Prime; (approximately) &#8211; Thickness : 0,7&Prime;<\/p>","protected":false},"featured_media":13367,"template":"","meta":[],"product_brand":[],"product_cat":[74],"product_tag":[],"class_list":{"0":"post-14181","1":"product","2":"type-product","3":"status-publish","4":"has-post-thumbnail","6":"product_cat-wartime-photos-collection","8":"first","9":"instock","10":"sold-individually","11":"purchasable","12":"product-type-auction"},"aioseo_notices":[],"_links":{"self":[{"href":"https:\/\/military-classic-auction.com\/en\/wp-json\/wp\/v2\/product\/14181","targetHints":{"allow":["GET"]}}],"collection":[{"href":"https:\/\/military-classic-auction.com\/en\/wp-json\/wp\/v2\/product"}],"about":[{"href":"https:\/\/military-classic-auction.com\/en\/wp-json\/wp\/v2\/types\/product"}],"wp:featuredmedia":[{"embeddable":true,"href":"https:\/\/military-classic-auction.com\/en\/wp-json\/wp\/v2\/media\/13367"}],"wp:attachment":[{"href":"https:\/\/military-classic-auction.com\/en\/wp-json\/wp\/v2\/media?parent=14181"}],"wp:term":[{"taxonomy":"product_brand","embeddable":true,"href":"https:\/\/military-classic-auction.com\/en\/wp-json\/wp\/v2\/product_brand?post=14181"},{"taxonomy":"product_cat","embeddable":true,"href":"https:\/\/military-classic-auction.com\/en\/wp-json\/wp\/v2\/product_cat?post=14181"},{"taxonomy":"product_tag","embeddable":true,"href":"https:\/\/military-classic-auction.com\/en\/wp-json\/wp\/v2\/product_tag?post=14181"}],"curies":[{"name":"wp","href":"https:\/\/api.w.org\/{rel}","templated":true}]}}