{"id":14173,"date":"2024-09-27T11:27:13","date_gmt":"2024-09-27T11:27:13","guid":{"rendered":"https:\/\/military-classic-auction.com\/?post_type=product&#038;p=14173"},"modified":"2024-09-27T11:27:14","modified_gmt":"2024-09-27T11:27:14","slug":"vue-aerienne-entre-carentan-saint-come-du-mont","status":"publish","type":"product","link":"https:\/\/military-classic-auction.com\/en\/product\/vue-aerienne-entre-carentan-saint-come-du-mont\/","title":{"rendered":"Vue a\u00e9rienne entre Carentan &#038; Saint C\u00f4me du Mont"},"content":{"rendered":"<p>Vue a\u00e9rienne entre Carentan &#038; Saint C\u00f4me du Mont<br \/>\nNous pouvons voir les quelques-uns des objectifs de la 101st Airborne : les ponts sur la Douve et la Madeleine.<br \/>\nDimension : 40cm x 30cm (environ) &#8211; \u00c9paisseur : 15mm<br \/>\n(En l&rsquo;\u00e9tat, usures)<br \/>\n&#8211;<br \/>\nDimension : 15,7&Prime; x 11,8&Prime; (approximately) &#8211; Thickness : 0,59&Prime;<\/p>","protected":false},"excerpt":{"rendered":"<p>Vue a\u00e9rienne entre Carentan &#038; Saint C\u00f4me du Mont Nous pouvons voir les quelques-uns des objectifs de la 101st Airborne : les ponts sur la Douve et la Madeleine. Dimension : 40cm x 30cm (environ) &#8211; \u00c9paisseur : 15mm (En l&rsquo;\u00e9tat, usures) &#8211; Dimension : 15,7&Prime; x 11,8&Prime; (approximately) &#8211; Thickness : 0,59&Prime;<\/p>","protected":false},"featured_media":13330,"template":"","meta":[],"product_brand":[],"product_cat":[74],"product_tag":[],"class_list":{"0":"post-14173","1":"product","2":"type-product","3":"status-publish","4":"has-post-thumbnail","6":"product_cat-wartime-photos-collection","8":"first","9":"instock","10":"sold-individually","11":"purchasable","12":"product-type-auction"},"aioseo_notices":[],"_links":{"self":[{"href":"https:\/\/military-classic-auction.com\/en\/wp-json\/wp\/v2\/product\/14173","targetHints":{"allow":["GET"]}}],"collection":[{"href":"https:\/\/military-classic-auction.com\/en\/wp-json\/wp\/v2\/product"}],"about":[{"href":"https:\/\/military-classic-auction.com\/en\/wp-json\/wp\/v2\/types\/product"}],"wp:featuredmedia":[{"embeddable":true,"href":"https:\/\/military-classic-auction.com\/en\/wp-json\/wp\/v2\/media\/13330"}],"wp:attachment":[{"href":"https:\/\/military-classic-auction.com\/en\/wp-json\/wp\/v2\/media?parent=14173"}],"wp:term":[{"taxonomy":"product_brand","embeddable":true,"href":"https:\/\/military-classic-auction.com\/en\/wp-json\/wp\/v2\/product_brand?post=14173"},{"taxonomy":"product_cat","embeddable":true,"href":"https:\/\/military-classic-auction.com\/en\/wp-json\/wp\/v2\/product_cat?post=14173"},{"taxonomy":"product_tag","embeddable":true,"href":"https:\/\/military-classic-auction.com\/en\/wp-json\/wp\/v2\/product_tag?post=14173"}],"curies":[{"name":"wp","href":"https:\/\/api.w.org\/{rel}","templated":true}]}}