{"id":14172,"date":"2024-09-27T11:27:13","date_gmt":"2024-09-27T11:27:13","guid":{"rendered":"https:\/\/military-classic-auction.com\/?post_type=product&#038;p=14172"},"modified":"2024-09-27T11:27:13","modified_gmt":"2024-09-27T11:27:13","slug":"la-bataille-des-haies-juin-1944","status":"publish","type":"product","link":"https:\/\/military-classic-auction.com\/en\/product\/la-bataille-des-haies-juin-1944\/","title":{"rendered":"La bataille des haies &#8211; Juin 1944"},"content":{"rendered":"<p>La bataille des haies &#8211; Juin 1944<br \/>\nParachutistes am\u00e9ricains de la 101\u00e8me Airborne Division.<br \/>\nGrande dimension : 60cm x 55cm (environ) &#8211; \u00c9paisseur : 18mm<br \/>\n(En l&rsquo;\u00e9tat, usures)<br \/>\n&#8211;<br \/>\nLarge dimension : 23,6&Prime; x 21,6&Prime; (approximately) &#8211; Thickness : 0,7&Prime;<\/p>","protected":false},"excerpt":{"rendered":"<p>La bataille des haies &#8211; Juin 1944 Parachutistes am\u00e9ricains de la 101\u00e8me Airborne Division. Grande dimension : 60cm x 55cm (environ) &#8211; \u00c9paisseur : 18mm (En l&rsquo;\u00e9tat, usures) &#8211; Large dimension : 23,6&Prime; x 21,6&Prime; (approximately) &#8211; Thickness : 0,7&Prime;<\/p>","protected":false},"featured_media":13326,"template":"","meta":[],"product_brand":[],"product_cat":[74],"product_tag":[],"class_list":{"0":"post-14172","1":"product","2":"type-product","3":"status-publish","4":"has-post-thumbnail","6":"product_cat-wartime-photos-collection","8":"first","9":"instock","10":"sold-individually","11":"purchasable","12":"product-type-auction"},"aioseo_notices":[],"_links":{"self":[{"href":"https:\/\/military-classic-auction.com\/en\/wp-json\/wp\/v2\/product\/14172","targetHints":{"allow":["GET"]}}],"collection":[{"href":"https:\/\/military-classic-auction.com\/en\/wp-json\/wp\/v2\/product"}],"about":[{"href":"https:\/\/military-classic-auction.com\/en\/wp-json\/wp\/v2\/types\/product"}],"wp:featuredmedia":[{"embeddable":true,"href":"https:\/\/military-classic-auction.com\/en\/wp-json\/wp\/v2\/media\/13326"}],"wp:attachment":[{"href":"https:\/\/military-classic-auction.com\/en\/wp-json\/wp\/v2\/media?parent=14172"}],"wp:term":[{"taxonomy":"product_brand","embeddable":true,"href":"https:\/\/military-classic-auction.com\/en\/wp-json\/wp\/v2\/product_brand?post=14172"},{"taxonomy":"product_cat","embeddable":true,"href":"https:\/\/military-classic-auction.com\/en\/wp-json\/wp\/v2\/product_cat?post=14172"},{"taxonomy":"product_tag","embeddable":true,"href":"https:\/\/military-classic-auction.com\/en\/wp-json\/wp\/v2\/product_tag?post=14172"}],"curies":[{"name":"wp","href":"https:\/\/api.w.org\/{rel}","templated":true}]}}