{"id":14170,"date":"2024-09-27T11:27:11","date_gmt":"2024-09-27T11:27:11","guid":{"rendered":"https:\/\/military-classic-auction.com\/?post_type=product&#038;p=14170"},"modified":"2024-10-05T11:49:35","modified_gmt":"2024-10-05T09:49:35","slug":"avancee-des-soldats-americains-en-direction-de-carentan","status":"publish","type":"product","link":"https:\/\/military-classic-auction.com\/en\/product\/avancee-des-soldats-americains-en-direction-de-carentan\/","title":{"rendered":"Avanc\u00e9e des soldats am\u00e9ricains en direction de Carentan"},"content":{"rendered":"<p>Avanc\u00e9e des soldats am\u00e9ricains en direction de Carentan<br \/>\nJuin 1944<br \/>\nGrande dimension : 60cm x 33cm (environ) &#8211; \u00c9paisseur : 18mm<br \/>\n(En l&rsquo;\u00e9tat, usures)<br \/>\n&#8211;<br \/>\nLarge dimension : 23,6&Prime; x 12,9&Prime; (approximately) &#8211; Thickness : 0,7&Prime;<\/p>","protected":false},"excerpt":{"rendered":"<p>Avanc\u00e9e des soldats am\u00e9ricains en direction de Carentan Juin 1944 Grande dimension : 60cm x 33cm (environ) &#8211; \u00c9paisseur : 18mm (En l&rsquo;\u00e9tat, usures) &#8211; Large dimension : 23,6&Prime; x 12,9&Prime; (approximately) &#8211; Thickness : 0,7&Prime;<\/p>","protected":false},"featured_media":13316,"template":"","meta":[],"product_brand":[],"product_cat":[74],"product_tag":[],"class_list":{"0":"post-14170","1":"product","2":"type-product","3":"status-publish","4":"has-post-thumbnail","6":"product_cat-wartime-photos-collection","8":"first","9":"instock","10":"sold-individually","11":"purchasable","12":"product-type-auction"},"aioseo_notices":[],"_links":{"self":[{"href":"https:\/\/military-classic-auction.com\/en\/wp-json\/wp\/v2\/product\/14170","targetHints":{"allow":["GET"]}}],"collection":[{"href":"https:\/\/military-classic-auction.com\/en\/wp-json\/wp\/v2\/product"}],"about":[{"href":"https:\/\/military-classic-auction.com\/en\/wp-json\/wp\/v2\/types\/product"}],"wp:featuredmedia":[{"embeddable":true,"href":"https:\/\/military-classic-auction.com\/en\/wp-json\/wp\/v2\/media\/13316"}],"wp:attachment":[{"href":"https:\/\/military-classic-auction.com\/en\/wp-json\/wp\/v2\/media?parent=14170"}],"wp:term":[{"taxonomy":"product_brand","embeddable":true,"href":"https:\/\/military-classic-auction.com\/en\/wp-json\/wp\/v2\/product_brand?post=14170"},{"taxonomy":"product_cat","embeddable":true,"href":"https:\/\/military-classic-auction.com\/en\/wp-json\/wp\/v2\/product_cat?post=14170"},{"taxonomy":"product_tag","embeddable":true,"href":"https:\/\/military-classic-auction.com\/en\/wp-json\/wp\/v2\/product_tag?post=14170"}],"curies":[{"name":"wp","href":"https:\/\/api.w.org\/{rel}","templated":true}]}}