{"id":14166,"date":"2024-09-27T11:27:07","date_gmt":"2024-09-27T11:27:07","guid":{"rendered":"https:\/\/military-classic-auction.com\/?post_type=product&#038;p=14166"},"modified":"2024-09-29T11:01:41","modified_gmt":"2024-09-29T09:01:41","slug":"deux-soldats-de-la-waffen-ss-recharge-une-mitrailleuse-mg34","status":"publish","type":"product","link":"https:\/\/military-classic-auction.com\/en\/product\/deux-soldats-de-la-waffen-ss-recharge-une-mitrailleuse-mg34\/","title":{"rendered":"Deux soldats de la Waffen SS recharge une mitrailleuse MG34"},"content":{"rendered":"<p>Deux soldats de la Waffen SS recharge une mitrailleuse MG34<br \/>\nIls portent une tenue et un couvre-casque camoufl\u00e9s.<br \/>\nGrande dimension : 126cm x 80cm (environ) &#8211; \u00c9paisseur : 18mm<br \/>\n(En l&rsquo;\u00e9tat, usures, taches)<br \/>\n&#8211;<br \/>\nLarge dimension : 49,6&Prime; x 31,5&Prime; (approximately) &#8211; Thickness : 0,7&Prime;<\/p>","protected":false},"excerpt":{"rendered":"<p>Deux soldats de la Waffen SS recharge une mitrailleuse MG34 Ils portent une tenue et un couvre-casque camoufl\u00e9s. Grande dimension : 126cm x 80cm (environ) &#8211; \u00c9paisseur : 18mm (En l&rsquo;\u00e9tat, usures, taches) &#8211; Large dimension : 49,6&Prime; x 31,5&Prime; (approximately) &#8211; Thickness : 0,7&Prime;<\/p>","protected":false},"featured_media":13302,"template":"","meta":[],"product_brand":[],"product_cat":[74],"product_tag":[],"class_list":{"0":"post-14166","1":"product","2":"type-product","3":"status-publish","4":"has-post-thumbnail","6":"product_cat-wartime-photos-collection","8":"first","9":"instock","10":"sold-individually","11":"purchasable","12":"product-type-auction"},"aioseo_notices":[],"_links":{"self":[{"href":"https:\/\/military-classic-auction.com\/en\/wp-json\/wp\/v2\/product\/14166","targetHints":{"allow":["GET"]}}],"collection":[{"href":"https:\/\/military-classic-auction.com\/en\/wp-json\/wp\/v2\/product"}],"about":[{"href":"https:\/\/military-classic-auction.com\/en\/wp-json\/wp\/v2\/types\/product"}],"wp:featuredmedia":[{"embeddable":true,"href":"https:\/\/military-classic-auction.com\/en\/wp-json\/wp\/v2\/media\/13302"}],"wp:attachment":[{"href":"https:\/\/military-classic-auction.com\/en\/wp-json\/wp\/v2\/media?parent=14166"}],"wp:term":[{"taxonomy":"product_brand","embeddable":true,"href":"https:\/\/military-classic-auction.com\/en\/wp-json\/wp\/v2\/product_brand?post=14166"},{"taxonomy":"product_cat","embeddable":true,"href":"https:\/\/military-classic-auction.com\/en\/wp-json\/wp\/v2\/product_cat?post=14166"},{"taxonomy":"product_tag","embeddable":true,"href":"https:\/\/military-classic-auction.com\/en\/wp-json\/wp\/v2\/product_tag?post=14166"}],"curies":[{"name":"wp","href":"https:\/\/api.w.org\/{rel}","templated":true}]}}