{"id":14158,"date":"2024-09-27T11:27:02","date_gmt":"2024-09-27T11:27:02","guid":{"rendered":"https:\/\/military-classic-auction.com\/?post_type=product&#038;p=14158"},"modified":"2024-10-05T09:40:36","modified_gmt":"2024-10-05T07:40:36","slug":"carte-du-nord-manche-1944","status":"publish","type":"product","link":"https:\/\/military-classic-auction.com\/en\/product\/carte-du-nord-manche-1944\/","title":{"rendered":"Carte du Nord Manche &#8211; 1944"},"content":{"rendered":"<p>Carte du Nord Manche &#8211; 1944<br \/>\nAnnotations des positions de r\u00e9giments sur Carentan &#038; le Cotentin.<br \/>\nDimension : 30,5cm x 30cm (environ) &#8211; \u00c9paisseur : 15mm<br \/>\n(En l&rsquo;\u00e9tat, usures)<br \/>\n&#8211;<br \/>\nDimension : 12&Prime; x 11,8&Prime; (approximately) &#8211; Thickness : 0,59&Prime;<\/p>","protected":false},"excerpt":{"rendered":"<p>Carte du Nord Manche &#8211; 1944 Annotations des positions de r\u00e9giments sur Carentan &#038; le Cotentin. Dimension : 30,5cm x 30cm (environ) &#8211; \u00c9paisseur : 15mm (En l&rsquo;\u00e9tat, usures) &#8211; Dimension : 12&Prime; x 11,8&Prime; (approximately) &#8211; Thickness : 0,59&Prime;<\/p>","protected":false},"featured_media":13266,"template":"","meta":[],"product_brand":[],"product_cat":[74],"product_tag":[],"class_list":{"0":"post-14158","1":"product","2":"type-product","3":"status-publish","4":"has-post-thumbnail","6":"product_cat-wartime-photos-collection","8":"first","9":"instock","10":"sold-individually","11":"purchasable","12":"product-type-auction"},"aioseo_notices":[],"_links":{"self":[{"href":"https:\/\/military-classic-auction.com\/en\/wp-json\/wp\/v2\/product\/14158","targetHints":{"allow":["GET"]}}],"collection":[{"href":"https:\/\/military-classic-auction.com\/en\/wp-json\/wp\/v2\/product"}],"about":[{"href":"https:\/\/military-classic-auction.com\/en\/wp-json\/wp\/v2\/types\/product"}],"wp:featuredmedia":[{"embeddable":true,"href":"https:\/\/military-classic-auction.com\/en\/wp-json\/wp\/v2\/media\/13266"}],"wp:attachment":[{"href":"https:\/\/military-classic-auction.com\/en\/wp-json\/wp\/v2\/media?parent=14158"}],"wp:term":[{"taxonomy":"product_brand","embeddable":true,"href":"https:\/\/military-classic-auction.com\/en\/wp-json\/wp\/v2\/product_brand?post=14158"},{"taxonomy":"product_cat","embeddable":true,"href":"https:\/\/military-classic-auction.com\/en\/wp-json\/wp\/v2\/product_cat?post=14158"},{"taxonomy":"product_tag","embeddable":true,"href":"https:\/\/military-classic-auction.com\/en\/wp-json\/wp\/v2\/product_tag?post=14158"}],"curies":[{"name":"wp","href":"https:\/\/api.w.org\/{rel}","templated":true}]}}