{"id":14154,"date":"2024-09-27T11:26:56","date_gmt":"2024-09-27T11:26:56","guid":{"rendered":"https:\/\/military-classic-auction.com\/?post_type=product&#038;p=14154"},"modified":"2024-09-27T11:26:56","modified_gmt":"2024-09-27T11:26:56","slug":"portrait-du-general-superieur-erwin-rommel","status":"publish","type":"product","link":"https:\/\/military-classic-auction.com\/en\/product\/portrait-du-general-superieur-erwin-rommel\/","title":{"rendered":"Portrait du G\u00e9n\u00e9ral sup\u00e9rieur Erwin Rommel"},"content":{"rendered":"<p>Portrait du G\u00e9n\u00e9ral sup\u00e9rieur Erwin Rommel<br \/>\n(15 novembre 1891 &#8211; 14 octobre 1944)<br \/>\nDimension : 36cm x 28cm (environ) &#8211; \u00c9paisseur : 15mm<br \/>\n(En l&rsquo;\u00e9tat, usures)<br \/>\n&#8211;<br \/>\nDimension : 14,1&Prime; x 11&Prime; (approximately) &#8211; Thickness : 0,59&Prime;<\/p>","protected":false},"excerpt":{"rendered":"<p>Portrait du G\u00e9n\u00e9ral sup\u00e9rieur Erwin Rommel (15 novembre 1891 &#8211; 14 octobre 1944) Dimension : 36cm x 28cm (environ) &#8211; \u00c9paisseur : 15mm (En l&rsquo;\u00e9tat, usures) &#8211; Dimension : 14,1&Prime; x 11&Prime; (approximately) &#8211; Thickness : 0,59&Prime;<\/p>","protected":false},"featured_media":13250,"template":"","meta":[],"product_brand":[],"product_cat":[74],"product_tag":[],"class_list":{"0":"post-14154","1":"product","2":"type-product","3":"status-publish","4":"has-post-thumbnail","6":"product_cat-wartime-photos-collection","8":"first","9":"instock","10":"sold-individually","11":"purchasable","12":"product-type-auction"},"aioseo_notices":[],"_links":{"self":[{"href":"https:\/\/military-classic-auction.com\/en\/wp-json\/wp\/v2\/product\/14154","targetHints":{"allow":["GET"]}}],"collection":[{"href":"https:\/\/military-classic-auction.com\/en\/wp-json\/wp\/v2\/product"}],"about":[{"href":"https:\/\/military-classic-auction.com\/en\/wp-json\/wp\/v2\/types\/product"}],"wp:featuredmedia":[{"embeddable":true,"href":"https:\/\/military-classic-auction.com\/en\/wp-json\/wp\/v2\/media\/13250"}],"wp:attachment":[{"href":"https:\/\/military-classic-auction.com\/en\/wp-json\/wp\/v2\/media?parent=14154"}],"wp:term":[{"taxonomy":"product_brand","embeddable":true,"href":"https:\/\/military-classic-auction.com\/en\/wp-json\/wp\/v2\/product_brand?post=14154"},{"taxonomy":"product_cat","embeddable":true,"href":"https:\/\/military-classic-auction.com\/en\/wp-json\/wp\/v2\/product_cat?post=14154"},{"taxonomy":"product_tag","embeddable":true,"href":"https:\/\/military-classic-auction.com\/en\/wp-json\/wp\/v2\/product_tag?post=14154"}],"curies":[{"name":"wp","href":"https:\/\/api.w.org\/{rel}","templated":true}]}}