{"id":14152,"date":"2024-09-27T11:26:55","date_gmt":"2024-09-27T11:26:55","guid":{"rendered":"https:\/\/military-classic-auction.com\/?post_type=product&#038;p=14152"},"modified":"2024-09-29T11:17:51","modified_gmt":"2024-09-29T09:17:51","slug":"carte-des-evenements-du-jour-j-501-506th-parachute-infantry-regiments","status":"publish","type":"product","link":"https:\/\/military-classic-auction.com\/en\/product\/carte-des-evenements-du-jour-j-501-506th-parachute-infantry-regiments\/","title":{"rendered":"Carte des \u00e9v\u00e8nements du Jour J &#8211; 501 &#038; 506th Parachute Infantry Regiments"},"content":{"rendered":"<p>Carte des \u00e9v\u00e8nements du Jour J &#8211; 501 &#038; 506th Parachute Infantry Regiments<br \/>\nSecteur : Sainte Marie du Mont &#8211; Carentan<br \/>\nGrande dimension : 49,5cm x 32cm (environ) &#8211; \u00c9paisseur : 15mm<br \/>\n(En l&rsquo;\u00e9tat, usures, taches)<br \/>\n&#8211;<br \/>\nLarge dimension : 19,4&Prime; x 12,6&Prime; (approximately) &#8211; Thickness : 0,59&Prime;<\/p>","protected":false},"excerpt":{"rendered":"<p>Carte des \u00e9v\u00e8nements du Jour J &#8211; 501 &#038; 506th Parachute Infantry Regiments Secteur : Sainte Marie du Mont &#8211; Carentan Grande dimension : 49,5cm x 32cm (environ) &#8211; \u00c9paisseur : 15mm (En l&rsquo;\u00e9tat, usures, taches) &#8211; Large dimension : 19,4&Prime; x 12,6&Prime; (approximately) &#8211; Thickness : 0,59&Prime;<\/p>","protected":false},"featured_media":13242,"template":"","meta":[],"product_brand":[],"product_cat":[74],"product_tag":[],"class_list":{"0":"post-14152","1":"product","2":"type-product","3":"status-publish","4":"has-post-thumbnail","6":"product_cat-wartime-photos-collection","8":"first","9":"instock","10":"sold-individually","11":"purchasable","12":"product-type-auction"},"aioseo_notices":[],"_links":{"self":[{"href":"https:\/\/military-classic-auction.com\/en\/wp-json\/wp\/v2\/product\/14152","targetHints":{"allow":["GET"]}}],"collection":[{"href":"https:\/\/military-classic-auction.com\/en\/wp-json\/wp\/v2\/product"}],"about":[{"href":"https:\/\/military-classic-auction.com\/en\/wp-json\/wp\/v2\/types\/product"}],"wp:featuredmedia":[{"embeddable":true,"href":"https:\/\/military-classic-auction.com\/en\/wp-json\/wp\/v2\/media\/13242"}],"wp:attachment":[{"href":"https:\/\/military-classic-auction.com\/en\/wp-json\/wp\/v2\/media?parent=14152"}],"wp:term":[{"taxonomy":"product_brand","embeddable":true,"href":"https:\/\/military-classic-auction.com\/en\/wp-json\/wp\/v2\/product_brand?post=14152"},{"taxonomy":"product_cat","embeddable":true,"href":"https:\/\/military-classic-auction.com\/en\/wp-json\/wp\/v2\/product_cat?post=14152"},{"taxonomy":"product_tag","embeddable":true,"href":"https:\/\/military-classic-auction.com\/en\/wp-json\/wp\/v2\/product_tag?post=14152"}],"curies":[{"name":"wp","href":"https:\/\/api.w.org\/{rel}","templated":true}]}}