{"id":14151,"date":"2024-09-27T11:26:54","date_gmt":"2024-09-27T11:26:54","guid":{"rendered":"https:\/\/military-classic-auction.com\/?post_type=product&#038;p=14151"},"modified":"2024-09-27T11:26:54","modified_gmt":"2024-09-27T11:26:54","slug":"planeur-horsa-apres-un-atterrissage-manque","status":"publish","type":"product","link":"https:\/\/military-classic-auction.com\/en\/product\/planeur-horsa-apres-un-atterrissage-manque\/","title":{"rendered":"Planeur Horsa apr\u00e8s un atterrissage manqu\u00e9"},"content":{"rendered":"<p>Planeur Horsa apr\u00e8s un atterrissage manqu\u00e9<br \/>\nHuit soldats am\u00e9ricains perdent la vie lors de cet atterrissage.<br \/>\nGrande dimension : 69,5cm x 39,5cm (environ) &#8211; \u00c9paisseur : 18mm<br \/>\n(En l&rsquo;\u00e9tat, usures, taches, accrocs)<br \/>\n&#8211;<br \/>\nLarge dimension : 27,36&Prime; x 15,5&Prime; (approximately) &#8211; Thickness : 0,7&Prime;<\/p>","protected":false},"excerpt":{"rendered":"<p>Planeur Horsa apr\u00e8s un atterrissage manqu\u00e9 Huit soldats am\u00e9ricains perdent la vie lors de cet atterrissage. Grande dimension : 69,5cm x 39,5cm (environ) &#8211; \u00c9paisseur : 18mm (En l&rsquo;\u00e9tat, usures, taches, accrocs) &#8211; Large dimension : 27,36&Prime; x 15,5&Prime; (approximately) &#8211; Thickness : 0,7&Prime;<\/p>","protected":false},"featured_media":13237,"template":"","meta":[],"product_brand":[],"product_cat":[74],"product_tag":[],"class_list":{"0":"post-14151","1":"product","2":"type-product","3":"status-publish","4":"has-post-thumbnail","6":"product_cat-wartime-photos-collection","8":"first","9":"instock","10":"sold-individually","11":"purchasable","12":"product-type-auction"},"aioseo_notices":[],"_links":{"self":[{"href":"https:\/\/military-classic-auction.com\/en\/wp-json\/wp\/v2\/product\/14151","targetHints":{"allow":["GET"]}}],"collection":[{"href":"https:\/\/military-classic-auction.com\/en\/wp-json\/wp\/v2\/product"}],"about":[{"href":"https:\/\/military-classic-auction.com\/en\/wp-json\/wp\/v2\/types\/product"}],"wp:featuredmedia":[{"embeddable":true,"href":"https:\/\/military-classic-auction.com\/en\/wp-json\/wp\/v2\/media\/13237"}],"wp:attachment":[{"href":"https:\/\/military-classic-auction.com\/en\/wp-json\/wp\/v2\/media?parent=14151"}],"wp:term":[{"taxonomy":"product_brand","embeddable":true,"href":"https:\/\/military-classic-auction.com\/en\/wp-json\/wp\/v2\/product_brand?post=14151"},{"taxonomy":"product_cat","embeddable":true,"href":"https:\/\/military-classic-auction.com\/en\/wp-json\/wp\/v2\/product_cat?post=14151"},{"taxonomy":"product_tag","embeddable":true,"href":"https:\/\/military-classic-auction.com\/en\/wp-json\/wp\/v2\/product_tag?post=14151"}],"curies":[{"name":"wp","href":"https:\/\/api.w.org\/{rel}","templated":true}]}}