{"id":14147,"date":"2024-09-27T11:26:49","date_gmt":"2024-09-27T11:26:49","guid":{"rendered":"https:\/\/military-classic-auction.com\/?post_type=product&#038;p=14147"},"modified":"2024-09-29T10:58:44","modified_gmt":"2024-09-29T08:58:44","slug":"planeur-waco-de-loperation-chicago","status":"publish","type":"product","link":"https:\/\/military-classic-auction.com\/en\/product\/planeur-waco-de-loperation-chicago\/","title":{"rendered":"Planeur Waco de l&rsquo;op\u00e9ration Chicago"},"content":{"rendered":"<p>Planeur Waco de l&rsquo;op\u00e9ration Chicago<br \/>\nLieu : Landing Zone \u00ab E \u00bb situ\u00e9e aux abords nord-ouest de Hiesville.<br \/>\nDimension : 36cm x 19cm (environ) &#8211; \u00c9paisseur : 15mm<br \/>\n(En l&rsquo;\u00e9tat, usures)<br \/>\n&#8211;<br \/>\nDimension : 14,1&Prime; x 7,4&Prime; (approximately) &#8211; Thickness : 0,59&Prime;<\/p>","protected":false},"excerpt":{"rendered":"<p>Planeur Waco de l&rsquo;op\u00e9ration Chicago Lieu : Landing Zone \u00ab E \u00bb situ\u00e9e aux abords nord-ouest de Hiesville. Dimension : 36cm x 19cm (environ) &#8211; \u00c9paisseur : 15mm (En l&rsquo;\u00e9tat, usures) &#8211; Dimension : 14,1&Prime; x 7,4&Prime; (approximately) &#8211; Thickness : 0,59&Prime;<\/p>","protected":false},"featured_media":13219,"template":"","meta":[],"product_brand":[],"product_cat":[74],"product_tag":[],"class_list":{"0":"post-14147","1":"product","2":"type-product","3":"status-publish","4":"has-post-thumbnail","6":"product_cat-wartime-photos-collection","8":"first","9":"instock","10":"sold-individually","11":"purchasable","12":"product-type-auction"},"aioseo_notices":[],"_links":{"self":[{"href":"https:\/\/military-classic-auction.com\/en\/wp-json\/wp\/v2\/product\/14147","targetHints":{"allow":["GET"]}}],"collection":[{"href":"https:\/\/military-classic-auction.com\/en\/wp-json\/wp\/v2\/product"}],"about":[{"href":"https:\/\/military-classic-auction.com\/en\/wp-json\/wp\/v2\/types\/product"}],"wp:featuredmedia":[{"embeddable":true,"href":"https:\/\/military-classic-auction.com\/en\/wp-json\/wp\/v2\/media\/13219"}],"wp:attachment":[{"href":"https:\/\/military-classic-auction.com\/en\/wp-json\/wp\/v2\/media?parent=14147"}],"wp:term":[{"taxonomy":"product_brand","embeddable":true,"href":"https:\/\/military-classic-auction.com\/en\/wp-json\/wp\/v2\/product_brand?post=14147"},{"taxonomy":"product_cat","embeddable":true,"href":"https:\/\/military-classic-auction.com\/en\/wp-json\/wp\/v2\/product_cat?post=14147"},{"taxonomy":"product_tag","embeddable":true,"href":"https:\/\/military-classic-auction.com\/en\/wp-json\/wp\/v2\/product_tag?post=14147"}],"curies":[{"name":"wp","href":"https:\/\/api.w.org\/{rel}","templated":true}]}}