{"id":14141,"date":"2024-09-27T11:26:45","date_gmt":"2024-09-27T11:26:45","guid":{"rendered":"https:\/\/military-classic-auction.com\/?post_type=product&#038;p=14141"},"modified":"2024-10-05T09:20:03","modified_gmt":"2024-10-05T07:20:03","slug":"planeur-waco-tire-par-avion","status":"publish","type":"product","link":"https:\/\/military-classic-auction.com\/en\/product\/planeur-waco-tire-par-avion\/","title":{"rendered":"Planeur Waco tir\u00e9 par avion"},"content":{"rendered":"<p>Planeur Waco tir\u00e9 par avion<br \/>\nDimension : 36cm x 24cm (environ) &#8211; \u00c9paisseur : 17mm<br \/>\n(En l&rsquo;\u00e9tat, usures)<br \/>\n&#8211;<br \/>\nDimension : 14,1&Prime; x 9,4&Prime; (approximately) &#8211; Thickness : 0,66&Prime;<\/p>","protected":false},"excerpt":{"rendered":"<p>Planeur Waco tir\u00e9 par avion Dimension : 36cm x 24cm (environ) &#8211; \u00c9paisseur : 17mm (En l&rsquo;\u00e9tat, usures) &#8211; Dimension : 14,1&Prime; x 9,4&Prime; (approximately) &#8211; Thickness : 0,66&Prime;<\/p>","protected":false},"featured_media":13194,"template":"","meta":[],"product_brand":[],"product_cat":[74],"product_tag":[],"class_list":{"0":"post-14141","1":"product","2":"type-product","3":"status-publish","4":"has-post-thumbnail","6":"product_cat-wartime-photos-collection","8":"first","9":"instock","10":"sold-individually","11":"purchasable","12":"product-type-auction"},"aioseo_notices":[],"_links":{"self":[{"href":"https:\/\/military-classic-auction.com\/en\/wp-json\/wp\/v2\/product\/14141","targetHints":{"allow":["GET"]}}],"collection":[{"href":"https:\/\/military-classic-auction.com\/en\/wp-json\/wp\/v2\/product"}],"about":[{"href":"https:\/\/military-classic-auction.com\/en\/wp-json\/wp\/v2\/types\/product"}],"wp:featuredmedia":[{"embeddable":true,"href":"https:\/\/military-classic-auction.com\/en\/wp-json\/wp\/v2\/media\/13194"}],"wp:attachment":[{"href":"https:\/\/military-classic-auction.com\/en\/wp-json\/wp\/v2\/media?parent=14141"}],"wp:term":[{"taxonomy":"product_brand","embeddable":true,"href":"https:\/\/military-classic-auction.com\/en\/wp-json\/wp\/v2\/product_brand?post=14141"},{"taxonomy":"product_cat","embeddable":true,"href":"https:\/\/military-classic-auction.com\/en\/wp-json\/wp\/v2\/product_cat?post=14141"},{"taxonomy":"product_tag","embeddable":true,"href":"https:\/\/military-classic-auction.com\/en\/wp-json\/wp\/v2\/product_tag?post=14141"}],"curies":[{"name":"wp","href":"https:\/\/api.w.org\/{rel}","templated":true}]}}