{"id":14140,"date":"2024-09-27T11:26:44","date_gmt":"2024-09-27T11:26:44","guid":{"rendered":"https:\/\/military-classic-auction.com\/?post_type=product&#038;p=14140"},"modified":"2024-10-05T11:09:13","modified_gmt":"2024-10-05T09:09:13","slug":"avions-remorquant-des-planeurs-waco","status":"publish","type":"product","link":"https:\/\/military-classic-auction.com\/en\/product\/avions-remorquant-des-planeurs-waco\/","title":{"rendered":"Avions remorquant des planeurs Waco"},"content":{"rendered":"<p>Avions remorquant des planeurs Waco<br \/>\nDC3 du 316th.<br \/>\nDimension : 40cm x 20cm (environ) &#8211; \u00c9paisseur : 15mm<br \/>\n(En l&rsquo;\u00e9tat, usures, d\u00e9coloration)<br \/>\n&#8211;<br \/>\nDimension : 15,7&Prime; x 7,8&Prime; (approximately) &#8211; Thickness : 0,59&Prime;<\/p>","protected":false},"excerpt":{"rendered":"<p>Avions remorquant des planeurs Waco DC3 du 316th. Dimension : 40cm x 20cm (environ) &#8211; \u00c9paisseur : 15mm (En l&rsquo;\u00e9tat, usures, d\u00e9coloration) &#8211; Dimension : 15,7&Prime; x 7,8&Prime; (approximately) &#8211; Thickness : 0,59&Prime;<\/p>","protected":false},"featured_media":13191,"template":"","meta":[],"product_brand":[],"product_cat":[74],"product_tag":[],"class_list":{"0":"post-14140","1":"product","2":"type-product","3":"status-publish","4":"has-post-thumbnail","6":"product_cat-wartime-photos-collection","8":"first","9":"instock","10":"sold-individually","11":"purchasable","12":"product-type-auction"},"aioseo_notices":[],"_links":{"self":[{"href":"https:\/\/military-classic-auction.com\/en\/wp-json\/wp\/v2\/product\/14140","targetHints":{"allow":["GET"]}}],"collection":[{"href":"https:\/\/military-classic-auction.com\/en\/wp-json\/wp\/v2\/product"}],"about":[{"href":"https:\/\/military-classic-auction.com\/en\/wp-json\/wp\/v2\/types\/product"}],"wp:featuredmedia":[{"embeddable":true,"href":"https:\/\/military-classic-auction.com\/en\/wp-json\/wp\/v2\/media\/13191"}],"wp:attachment":[{"href":"https:\/\/military-classic-auction.com\/en\/wp-json\/wp\/v2\/media?parent=14140"}],"wp:term":[{"taxonomy":"product_brand","embeddable":true,"href":"https:\/\/military-classic-auction.com\/en\/wp-json\/wp\/v2\/product_brand?post=14140"},{"taxonomy":"product_cat","embeddable":true,"href":"https:\/\/military-classic-auction.com\/en\/wp-json\/wp\/v2\/product_cat?post=14140"},{"taxonomy":"product_tag","embeddable":true,"href":"https:\/\/military-classic-auction.com\/en\/wp-json\/wp\/v2\/product_tag?post=14140"}],"curies":[{"name":"wp","href":"https:\/\/api.w.org\/{rel}","templated":true}]}}