{"id":14137,"date":"2024-09-27T11:26:40","date_gmt":"2024-09-27T11:26:40","guid":{"rendered":"https:\/\/military-classic-auction.com\/?post_type=product&#038;p=14137"},"modified":"2024-09-27T11:26:41","modified_gmt":"2024-09-27T11:26:41","slug":"canon-anti-aerien-francais-25mm-hotchkiss","status":"publish","type":"product","link":"https:\/\/military-classic-auction.com\/en\/product\/canon-anti-aerien-francais-25mm-hotchkiss\/","title":{"rendered":"Canon anti-a\u00e9rien fran\u00e7ais 25mm Hotchkiss"},"content":{"rendered":"<p>Canon anti-a\u00e9rien fran\u00e7ais 25mm Hotchkiss<br \/>\nCaptur\u00e9 par les soldats de la wehrmacht en 1940.<br \/>\nGrande dimension : 70cm x 44cm (environ) &#8211; \u00c9paisseur : 19mm<br \/>\n(En l&rsquo;\u00e9tat, usures, taches)<br \/>\n&#8211;<br \/>\nLarge dimension : 27,5&Prime; x 17,3&Prime; (approximately) &#8211; Thickness : 0,74&Prime;<\/p>","protected":false},"excerpt":{"rendered":"<p>Canon anti-a\u00e9rien fran\u00e7ais 25mm Hotchkiss Captur\u00e9 par les soldats de la wehrmacht en 1940. Grande dimension : 70cm x 44cm (environ) &#8211; \u00c9paisseur : 19mm (En l&rsquo;\u00e9tat, usures, taches) &#8211; Large dimension : 27,5&Prime; x 17,3&Prime; (approximately) &#8211; Thickness : 0,74&Prime;<\/p>","protected":false},"featured_media":13177,"template":"","meta":[],"product_brand":[],"product_cat":[74],"product_tag":[],"class_list":{"0":"post-14137","1":"product","2":"type-product","3":"status-publish","4":"has-post-thumbnail","6":"product_cat-wartime-photos-collection","8":"first","9":"instock","10":"sold-individually","11":"purchasable","12":"product-type-auction"},"aioseo_notices":[],"_links":{"self":[{"href":"https:\/\/military-classic-auction.com\/en\/wp-json\/wp\/v2\/product\/14137","targetHints":{"allow":["GET"]}}],"collection":[{"href":"https:\/\/military-classic-auction.com\/en\/wp-json\/wp\/v2\/product"}],"about":[{"href":"https:\/\/military-classic-auction.com\/en\/wp-json\/wp\/v2\/types\/product"}],"wp:featuredmedia":[{"embeddable":true,"href":"https:\/\/military-classic-auction.com\/en\/wp-json\/wp\/v2\/media\/13177"}],"wp:attachment":[{"href":"https:\/\/military-classic-auction.com\/en\/wp-json\/wp\/v2\/media?parent=14137"}],"wp:term":[{"taxonomy":"product_brand","embeddable":true,"href":"https:\/\/military-classic-auction.com\/en\/wp-json\/wp\/v2\/product_brand?post=14137"},{"taxonomy":"product_cat","embeddable":true,"href":"https:\/\/military-classic-auction.com\/en\/wp-json\/wp\/v2\/product_cat?post=14137"},{"taxonomy":"product_tag","embeddable":true,"href":"https:\/\/military-classic-auction.com\/en\/wp-json\/wp\/v2\/product_tag?post=14137"}],"curies":[{"name":"wp","href":"https:\/\/api.w.org\/{rel}","templated":true}]}}