{"id":14125,"date":"2024-09-27T11:26:30","date_gmt":"2024-09-27T11:26:30","guid":{"rendered":"https:\/\/military-classic-auction.com\/?post_type=product&#038;p=14125"},"modified":"2024-10-02T13:37:57","modified_gmt":"2024-10-02T11:37:57","slug":"le-general-dwight-d-eisenhower-avec-les-parachutistes-de-la-101st-airborne-division","status":"publish","type":"product","link":"https:\/\/military-classic-auction.com\/en\/product\/le-general-dwight-d-eisenhower-avec-les-parachutistes-de-la-101st-airborne-division\/","title":{"rendered":"Le G\u00e9n\u00e9ral Dwight D. Eisenhower avec les parachutistes de la 101st Airborne Division"},"content":{"rendered":"<p>Le G\u00e9n\u00e9ral Dwight D. Eisenhower avec les parachutistes de la 101st Airborne Division<br \/>\nDimension : 40cm x 18cm (environ) &#8211; \u00c9paisseur : 15mm<br \/>\n(En l&rsquo;\u00e9tat, usures, accroc)<br \/>\n&#8211;<br \/>\nDimension : 15,7&Prime; x 7&Prime; (approximately) &#8211; Thickness : 0,59&Prime;<\/p>","protected":false},"excerpt":{"rendered":"<p>Le G\u00e9n\u00e9ral Dwight D. Eisenhower avec les parachutistes de la 101st Airborne Division Dimension : 40cm x 18cm (environ) &#8211; \u00c9paisseur : 15mm (En l&rsquo;\u00e9tat, usures, accroc) &#8211; Dimension : 15,7&Prime; x 7&Prime; (approximately) &#8211; Thickness : 0,59&Prime;<\/p>","protected":false},"featured_media":13126,"template":"","meta":[],"product_brand":[],"product_cat":[74],"product_tag":[],"class_list":{"0":"post-14125","1":"product","2":"type-product","3":"status-publish","4":"has-post-thumbnail","6":"product_cat-wartime-photos-collection","8":"first","9":"instock","10":"sold-individually","11":"purchasable","12":"product-type-auction"},"aioseo_notices":[],"_links":{"self":[{"href":"https:\/\/military-classic-auction.com\/en\/wp-json\/wp\/v2\/product\/14125","targetHints":{"allow":["GET"]}}],"collection":[{"href":"https:\/\/military-classic-auction.com\/en\/wp-json\/wp\/v2\/product"}],"about":[{"href":"https:\/\/military-classic-auction.com\/en\/wp-json\/wp\/v2\/types\/product"}],"wp:featuredmedia":[{"embeddable":true,"href":"https:\/\/military-classic-auction.com\/en\/wp-json\/wp\/v2\/media\/13126"}],"wp:attachment":[{"href":"https:\/\/military-classic-auction.com\/en\/wp-json\/wp\/v2\/media?parent=14125"}],"wp:term":[{"taxonomy":"product_brand","embeddable":true,"href":"https:\/\/military-classic-auction.com\/en\/wp-json\/wp\/v2\/product_brand?post=14125"},{"taxonomy":"product_cat","embeddable":true,"href":"https:\/\/military-classic-auction.com\/en\/wp-json\/wp\/v2\/product_cat?post=14125"},{"taxonomy":"product_tag","embeddable":true,"href":"https:\/\/military-classic-auction.com\/en\/wp-json\/wp\/v2\/product_tag?post=14125"}],"curies":[{"name":"wp","href":"https:\/\/api.w.org\/{rel}","templated":true}]}}