{"id":14124,"date":"2024-09-27T11:26:30","date_gmt":"2024-09-27T11:26:30","guid":{"rendered":"https:\/\/military-classic-auction.com\/?post_type=product&#038;p=14124"},"modified":"2024-10-05T11:47:02","modified_gmt":"2024-10-05T09:47:02","slug":"clarence-c-ware-charles-r-plaudo-filthy-thirteen-506th-pir-101st-airborne-division","status":"publish","type":"product","link":"https:\/\/military-classic-auction.com\/en\/product\/clarence-c-ware-charles-r-plaudo-filthy-thirteen-506th-pir-101st-airborne-division\/","title":{"rendered":"Clarence C. Ware &#038; Charles R. Plaudo &#8211; \u00ab\u00a0Filthy Thirteen\u00a0\u00bb &#8211; 506th PIR &#8211; 101st Airborne Division"},"content":{"rendered":"<p>Clarence C. Ware &#038; Charles R. Plaudo &#8211; \u00ab\u00a0Filthy Thirteen\u00a0\u00bb &#8211; 506th PIR &#8211; 101st Airborne Division<br \/>\n5 juin 1944, quelques heures avant le d\u00e9part pour la Normandie.<br \/>\nLes deux parachutistes arborent un camouflage inspir\u00e9 des indiens d&rsquo;Am\u00e9rique.<br \/>\nGrande dimension : 70cm x 60cm (environ) &#8211; \u00c9paisseur : 18mm<br \/>\n(En l&rsquo;\u00e9tat, usures, \u00e9clats)<br \/>\n&#8211;<br \/>\nLarge dimension : 27,5&Prime; x 23,6&Prime; (approximately) &#8211; Thickness : 0,59&Prime;<\/p>","protected":false},"excerpt":{"rendered":"<p>Clarence C. Ware &#038; Charles R. Plaudo &#8211; \u00ab\u00a0Filthy Thirteen\u00a0\u00bb &#8211; 506th PIR &#8211; 101st Airborne Division 5 juin 1944, quelques heures avant le d\u00e9part pour la Normandie. Les deux parachutistes arborent un camouflage inspir\u00e9 des indiens d&rsquo;Am\u00e9rique. Grande dimension : 70cm x 60cm (environ) &#8211; \u00c9paisseur : 18mm (En l&rsquo;\u00e9tat, usures, \u00e9clats) &#8211; Large<a class=\"more-link\" href=\"https:\/\/military-classic-auction.com\/en\/product\/clarence-c-ware-charles-r-plaudo-filthy-thirteen-506th-pir-101st-airborne-division\/\">Read more  &#10230;<\/a><\/p>","protected":false},"featured_media":13122,"template":"","meta":[],"product_brand":[],"product_cat":[74],"product_tag":[],"class_list":{"0":"post-14124","1":"product","2":"type-product","3":"status-publish","4":"has-post-thumbnail","6":"product_cat-wartime-photos-collection","8":"first","9":"instock","10":"sold-individually","11":"purchasable","12":"product-type-auction"},"aioseo_notices":[],"_links":{"self":[{"href":"https:\/\/military-classic-auction.com\/en\/wp-json\/wp\/v2\/product\/14124","targetHints":{"allow":["GET"]}}],"collection":[{"href":"https:\/\/military-classic-auction.com\/en\/wp-json\/wp\/v2\/product"}],"about":[{"href":"https:\/\/military-classic-auction.com\/en\/wp-json\/wp\/v2\/types\/product"}],"wp:featuredmedia":[{"embeddable":true,"href":"https:\/\/military-classic-auction.com\/en\/wp-json\/wp\/v2\/media\/13122"}],"wp:attachment":[{"href":"https:\/\/military-classic-auction.com\/en\/wp-json\/wp\/v2\/media?parent=14124"}],"wp:term":[{"taxonomy":"product_brand","embeddable":true,"href":"https:\/\/military-classic-auction.com\/en\/wp-json\/wp\/v2\/product_brand?post=14124"},{"taxonomy":"product_cat","embeddable":true,"href":"https:\/\/military-classic-auction.com\/en\/wp-json\/wp\/v2\/product_cat?post=14124"},{"taxonomy":"product_tag","embeddable":true,"href":"https:\/\/military-classic-auction.com\/en\/wp-json\/wp\/v2\/product_tag?post=14124"}],"curies":[{"name":"wp","href":"https:\/\/api.w.org\/{rel}","templated":true}]}}