{"id":14122,"date":"2024-09-27T11:26:28","date_gmt":"2024-09-27T11:26:28","guid":{"rendered":"https:\/\/military-classic-auction.com\/?post_type=product&#038;p=14122"},"modified":"2024-10-04T15:36:20","modified_gmt":"2024-10-04T13:36:20","slug":"parachutistes-americains-de-la-101st-airborne-division-hq-3-506th-pir","status":"publish","type":"product","link":"https:\/\/military-classic-auction.com\/en\/product\/parachutistes-americains-de-la-101st-airborne-division-hq-3-506th-pir\/","title":{"rendered":"Parachutistes am\u00e9ricains de la 101st Airborne Division &#8211; HQ 3\/506th PIR"},"content":{"rendered":"<p>Parachutistes am\u00e9ricains de la 101st Airborne Division &#8211; HQ 3\/506th PIR<br \/>\n4 juin 1944, le lieutenant Alex Bobuck fait un briefing lors d&rsquo;un saut d&rsquo;entrainement.<br \/>\nDeux d\u00e9dicaces de v\u00e9t\u00e9rans pr\u00e9sentes :<br \/>\n&#8211; Pvt \u00ab\u00a0Ray Calandrella &#8211; Hamden, Connecticut\u00a0\u00bb, il est fait prisonnier le 7 juin 1944 (1924-2005).<br \/>\n&#8211; S\/Sgt William Pauli, \u00ab\u00a0Missoula, Montana\u00a0\u00bb (1921-2002).<br \/>\nDimension : 40cm x 24cm (environ) &#8211; \u00c9paisseur : 15mm<br \/>\n(En l&rsquo;\u00e9tat, usures)<br \/>\n&#8211;<br \/>\nDimension : 15,7&Prime; x 9,4&Prime; (approximately) &#8211; Thickness : 0,59&Prime;<\/p>","protected":false},"excerpt":{"rendered":"<p>Parachutistes am\u00e9ricains de la 101st Airborne Division &#8211; HQ 3\/506th PIR 4 juin 1944, le lieutenant Alex Bobuck fait un briefing lors d&rsquo;un saut d&rsquo;entrainement. Deux d\u00e9dicaces de v\u00e9t\u00e9rans pr\u00e9sentes : &#8211; Pvt \u00ab\u00a0Ray Calandrella &#8211; Hamden, Connecticut\u00a0\u00bb, il est fait prisonnier le 7 juin 1944 (1924-2005). &#8211; S\/Sgt William Pauli, \u00ab\u00a0Missoula, Montana\u00a0\u00bb (1921-2002). Dimension<a class=\"more-link\" href=\"https:\/\/military-classic-auction.com\/en\/product\/parachutistes-americains-de-la-101st-airborne-division-hq-3-506th-pir\/\">Read more  &#10230;<\/a><\/p>","protected":false},"featured_media":13112,"template":"","meta":[],"product_brand":[],"product_cat":[74],"product_tag":[],"class_list":{"0":"post-14122","1":"product","2":"type-product","3":"status-publish","4":"has-post-thumbnail","6":"product_cat-wartime-photos-collection","8":"first","9":"instock","10":"sold-individually","11":"purchasable","12":"product-type-auction"},"aioseo_notices":[],"_links":{"self":[{"href":"https:\/\/military-classic-auction.com\/en\/wp-json\/wp\/v2\/product\/14122","targetHints":{"allow":["GET"]}}],"collection":[{"href":"https:\/\/military-classic-auction.com\/en\/wp-json\/wp\/v2\/product"}],"about":[{"href":"https:\/\/military-classic-auction.com\/en\/wp-json\/wp\/v2\/types\/product"}],"wp:featuredmedia":[{"embeddable":true,"href":"https:\/\/military-classic-auction.com\/en\/wp-json\/wp\/v2\/media\/13112"}],"wp:attachment":[{"href":"https:\/\/military-classic-auction.com\/en\/wp-json\/wp\/v2\/media?parent=14122"}],"wp:term":[{"taxonomy":"product_brand","embeddable":true,"href":"https:\/\/military-classic-auction.com\/en\/wp-json\/wp\/v2\/product_brand?post=14122"},{"taxonomy":"product_cat","embeddable":true,"href":"https:\/\/military-classic-auction.com\/en\/wp-json\/wp\/v2\/product_cat?post=14122"},{"taxonomy":"product_tag","embeddable":true,"href":"https:\/\/military-classic-auction.com\/en\/wp-json\/wp\/v2\/product_tag?post=14122"}],"curies":[{"name":"wp","href":"https:\/\/api.w.org\/{rel}","templated":true}]}}