{"id":14118,"date":"2024-09-27T11:26:26","date_gmt":"2024-09-27T11:26:26","guid":{"rendered":"https:\/\/military-classic-auction.com\/?post_type=product&#038;p=14118"},"modified":"2024-09-27T12:04:14","modified_gmt":"2024-09-27T12:04:14","slug":"portrait-du-general-dwight-d-eisenhower","status":"publish","type":"product","link":"https:\/\/military-classic-auction.com\/en\/product\/portrait-du-general-dwight-d-eisenhower\/","title":{"rendered":"Portrait du G\u00e9n\u00e9ral Dwight D. Eisenhower"},"content":{"rendered":"<p>Portrait du G\u00e9n\u00e9ral Dwight D. Eisenhower<br \/>\n(14 octobre 1890 &#8211; 28 mars 1969)<br \/>\nPromu g\u00e9n\u00e9ral deux \u00e9toiles, il est nomm\u00e9 en juin 1942 commandant en chef des forces am\u00e9ricaines en Europe.<br \/>\nIl commande le d\u00e9barquement de novembre 1942 en Afrique du Nord, puis, en tant que commandant en chef du \u00ab\u00a0Supreme Headquarters Allied Expeditionary Force\u00a0\u00bb, il planifie le d\u00e9barquement de Normandie de juin 1944. Il est nomm\u00e9 \u00ab\u00a0General of the Army\u00a0\u00bb en d\u00e9cembre 1944.<br \/>\nDimension : 40cm x 36cm (environ) &#8211; \u00c9paisseur : 15mm<br \/>\n(En l&rsquo;\u00e9tat, usures, taches)<br \/>\n&#8211;<br \/>\nDimension : 15,7&Prime; x 14,1&Prime; (approximately) &#8211; Thickness : 0,59&Prime;<\/p>","protected":false},"excerpt":{"rendered":"<p>Portrait du G\u00e9n\u00e9ral Dwight D. Eisenhower (14 octobre 1890 &#8211; 28 mars 1969) Promu g\u00e9n\u00e9ral deux \u00e9toiles, il est nomm\u00e9 en juin 1942 commandant en chef des forces am\u00e9ricaines en Europe. Il commande le d\u00e9barquement de novembre 1942 en Afrique du Nord, puis, en tant que commandant en chef du \u00ab\u00a0Supreme Headquarters Allied Expeditionary Force\u00a0\u00bb,<a class=\"more-link\" href=\"https:\/\/military-classic-auction.com\/en\/product\/portrait-du-general-dwight-d-eisenhower\/\">Read more  &#10230;<\/a><\/p>","protected":false},"featured_media":13096,"template":"","meta":[],"product_brand":[],"product_cat":[74],"product_tag":[],"class_list":{"0":"post-14118","1":"product","2":"type-product","3":"status-publish","4":"has-post-thumbnail","6":"product_cat-wartime-photos-collection","8":"first","9":"instock","10":"sold-individually","11":"purchasable","12":"product-type-auction"},"aioseo_notices":[],"_links":{"self":[{"href":"https:\/\/military-classic-auction.com\/en\/wp-json\/wp\/v2\/product\/14118","targetHints":{"allow":["GET"]}}],"collection":[{"href":"https:\/\/military-classic-auction.com\/en\/wp-json\/wp\/v2\/product"}],"about":[{"href":"https:\/\/military-classic-auction.com\/en\/wp-json\/wp\/v2\/types\/product"}],"wp:featuredmedia":[{"embeddable":true,"href":"https:\/\/military-classic-auction.com\/en\/wp-json\/wp\/v2\/media\/13096"}],"wp:attachment":[{"href":"https:\/\/military-classic-auction.com\/en\/wp-json\/wp\/v2\/media?parent=14118"}],"wp:term":[{"taxonomy":"product_brand","embeddable":true,"href":"https:\/\/military-classic-auction.com\/en\/wp-json\/wp\/v2\/product_brand?post=14118"},{"taxonomy":"product_cat","embeddable":true,"href":"https:\/\/military-classic-auction.com\/en\/wp-json\/wp\/v2\/product_cat?post=14118"},{"taxonomy":"product_tag","embeddable":true,"href":"https:\/\/military-classic-auction.com\/en\/wp-json\/wp\/v2\/product_tag?post=14118"}],"curies":[{"name":"wp","href":"https:\/\/api.w.org\/{rel}","templated":true}]}}