{"id":13036,"date":"2024-07-08T16:36:01","date_gmt":"2024-07-08T16:36:01","guid":{"rendered":"https:\/\/military-classic-auction.com\/?post_type=product&#038;p=13036"},"modified":"2024-07-08T16:36:19","modified_gmt":"2024-07-08T16:36:19","slug":"militaria-selection-des-reserves","status":"publish","type":"product","link":"https:\/\/military-classic-auction.com\/en\/product\/militaria-selection-des-reserves\/","title":{"rendered":"Militaria, s\u00e9lection des r\u00e9serves"},"content":{"rendered":"<p>1\u00e8re &amp; 2\u00e8me guerre mondiale, coiffes, \u00e9quipements et accessoires d&rsquo;origine, reproductions&#8230;<\/p>","protected":false},"excerpt":{"rendered":"<p>1\u00e8re &amp; 2\u00e8me guerre mondiale, coiffes, \u00e9quipements et accessoires d&rsquo;origine, reproductions&#8230;<\/p>","protected":false},"featured_media":13030,"template":"","meta":[],"product_brand":[],"product_cat":[41],"product_tag":[],"class_list":{"0":"post-13036","1":"product","2":"type-product","3":"status-publish","4":"has-post-thumbnail","6":"product_cat-shop","8":"first","9":"instock","10":"sold-individually","11":"taxable","12":"shipping-taxable","13":"product-type-simple"},"aioseo_notices":[],"_links":{"self":[{"href":"https:\/\/military-classic-auction.com\/en\/wp-json\/wp\/v2\/product\/13036","targetHints":{"allow":["GET"]}}],"collection":[{"href":"https:\/\/military-classic-auction.com\/en\/wp-json\/wp\/v2\/product"}],"about":[{"href":"https:\/\/military-classic-auction.com\/en\/wp-json\/wp\/v2\/types\/product"}],"wp:featuredmedia":[{"embeddable":true,"href":"https:\/\/military-classic-auction.com\/en\/wp-json\/wp\/v2\/media\/13030"}],"wp:attachment":[{"href":"https:\/\/military-classic-auction.com\/en\/wp-json\/wp\/v2\/media?parent=13036"}],"wp:term":[{"taxonomy":"product_brand","embeddable":true,"href":"https:\/\/military-classic-auction.com\/en\/wp-json\/wp\/v2\/product_brand?post=13036"},{"taxonomy":"product_cat","embeddable":true,"href":"https:\/\/military-classic-auction.com\/en\/wp-json\/wp\/v2\/product_cat?post=13036"},{"taxonomy":"product_tag","embeddable":true,"href":"https:\/\/military-classic-auction.com\/en\/wp-json\/wp\/v2\/product_tag?post=13036"}],"curies":[{"name":"wp","href":"https:\/\/api.w.org\/{rel}","templated":true}]}}