{"id":13007,"date":"2024-06-21T16:23:48","date_gmt":"2024-06-21T16:23:48","guid":{"rendered":"https:\/\/military-classic-auction.com\/?post_type=product&#038;p=13007"},"modified":"2024-07-08T16:26:41","modified_gmt":"2024-07-08T16:26:41","slug":"caisse-en-bois-pour-3-roquettes-de-88cm-puppchen","status":"publish","type":"product","link":"https:\/\/military-classic-auction.com\/en\/product\/caisse-en-bois-pour-3-roquettes-de-88cm-puppchen\/","title":{"rendered":"Caisse en bois pour 3 roquettes de 8,8cm \u00ab\u00a0P\u00fcppchen\u00a0\u00bb"},"content":{"rendered":"<p>Caisse en bois pour 3 roquettes de 8,8cm \u00ab\u00a0P\u00fcppchen\u00a0\u00bb<br \/>\nFermeture par crochet &#038; deux charni\u00e8res en m\u00e9tal.<br \/>\nFabrication : \u00ab\u00a0L.U.R.\u00a0\u00bb<br \/>\nMarqu\u00e9e : \u00ab\u00a0R Mun 4312\u00a0\u00bb<br \/>\nWaffenamt pr\u00e9sent.<br \/>\n\u00c9tiquette sur couvercle (incompl\u00e8te)<br \/>\nR\u00e2telier pr\u00e9sent.<br \/>\nDimension : L54cm x l12,5 x h34,5cm<br \/>\n(En l&rsquo;\u00e9tat, usures)<br \/>\n&#8211;<br \/>\nWooden case for 3 8.8cm \u00ab\u00a0P\u00fcppchen\u00a0\u00bb rockets<br \/>\nHook closure &#038; two metal hinges.<br \/>\nManufacturing: \u00ab\u00a0L.U.R.\u00a0\u00bb<br \/>\nMarked: \u00ab\u00a0R Mun 4312&Prime;<br \/>\nWaffenamt present.<br \/>\nLabel on lid (incomplete)<br \/>\nRack present.<br \/>\nDimensions: L21,2&Prime; x w4,9&Prime; x h13,6\u00a0\u00bb<br \/>\n(As is, wear)<\/p>","protected":false},"excerpt":{"rendered":"<p>Caisse en bois pour 3 roquettes de 8,8cm \u00ab\u00a0P\u00fcppchen\u00a0\u00bb Fermeture par crochet &#038; deux charni\u00e8res en m\u00e9tal. Fabrication : \u00ab\u00a0L.U.R.\u00a0\u00bb Marqu\u00e9e : \u00ab\u00a0R Mun 4312\u00a0\u00bb Waffenamt pr\u00e9sent. \u00c9tiquette sur couvercle (incompl\u00e8te) R\u00e2telier pr\u00e9sent. Dimension : L54cm x l12,5 x h34,5cm (En l&rsquo;\u00e9tat, usures) &#8211; Wooden case for 3 8.8cm \u00ab\u00a0P\u00fcppchen\u00a0\u00bb rockets Hook closure &#038; two<a class=\"more-link\" href=\"https:\/\/military-classic-auction.com\/en\/product\/caisse-en-bois-pour-3-roquettes-de-88cm-puppchen\/\">Read more  &#10230;<\/a><\/p>","protected":false},"featured_media":12750,"template":"","meta":[],"product_brand":[],"product_cat":[27],"product_tag":[],"class_list":{"0":"post-13007","1":"product","2":"type-product","3":"status-publish","4":"has-post-thumbnail","6":"product_cat-larmee-des-caisses","8":"first","9":"instock","10":"sold-individually","11":"purchasable","12":"product-type-auction"},"aioseo_notices":[],"_links":{"self":[{"href":"https:\/\/military-classic-auction.com\/en\/wp-json\/wp\/v2\/product\/13007","targetHints":{"allow":["GET"]}}],"collection":[{"href":"https:\/\/military-classic-auction.com\/en\/wp-json\/wp\/v2\/product"}],"about":[{"href":"https:\/\/military-classic-auction.com\/en\/wp-json\/wp\/v2\/types\/product"}],"wp:featuredmedia":[{"embeddable":true,"href":"https:\/\/military-classic-auction.com\/en\/wp-json\/wp\/v2\/media\/12750"}],"wp:attachment":[{"href":"https:\/\/military-classic-auction.com\/en\/wp-json\/wp\/v2\/media?parent=13007"}],"wp:term":[{"taxonomy":"product_brand","embeddable":true,"href":"https:\/\/military-classic-auction.com\/en\/wp-json\/wp\/v2\/product_brand?post=13007"},{"taxonomy":"product_cat","embeddable":true,"href":"https:\/\/military-classic-auction.com\/en\/wp-json\/wp\/v2\/product_cat?post=13007"},{"taxonomy":"product_tag","embeddable":true,"href":"https:\/\/military-classic-auction.com\/en\/wp-json\/wp\/v2\/product_tag?post=13007"}],"curies":[{"name":"wp","href":"https:\/\/api.w.org\/{rel}","templated":true}]}}