{"id":13006,"date":"2024-06-21T16:23:47","date_gmt":"2024-06-21T16:23:47","guid":{"rendered":"https:\/\/military-classic-auction.com\/?post_type=product&#038;p=13006"},"modified":"2024-07-06T11:42:21","modified_gmt":"2024-07-06T11:42:21","slug":"caisse-en-bois-pour-un-obus-de-88-cm-kw-k-43-char-tigre-2-canon-pak-43","status":"publish","type":"product","link":"https:\/\/military-classic-auction.com\/en\/product\/caisse-en-bois-pour-un-obus-de-88-cm-kw-k-43-char-tigre-2-canon-pak-43\/","title":{"rendered":"Caisse en bois pour un obus de 8,8 cm Kw.K.43 (char Tigre 2) &#038; canon Pak.43"},"content":{"rendered":"<p>Caisse en bois pour un obus de 8,8 cm Kw.K.43 (char Tigre 2) &#038; canon Pak.43<br \/>\nFermeture par deux crochets, poign\u00e9es de transport manquantes.<br \/>\nMarquage fabricant pr\u00e9sent.<br \/>\nDat\u00e9e 1943<br \/>\n\u00c9tiquette int\u00e9rieure pr\u00e9sente, dat\u00e9e 1943.<br \/>\nR\u00e2telier pr\u00e9sent.<br \/>\nDimension : L124cm x l19cm x h19cm<br \/>\n(En l&rsquo;\u00e9tat, usures, une charni\u00e8re cass\u00e9e)<br \/>\n&#8211;<br \/>\nWooden case for an 8.8 cm Kw.K.43 shell (Tiger 2 tank) &#038; Pak.43 cannon<br \/>\nClosure with two hooks, missing carrying handles.<br \/>\nManufacturer&rsquo;s marking present.<br \/>\nDated 1943<br \/>\nInterior label present, dated 1943.<br \/>\nRack present.<br \/>\nDimensions: L48,8&Prime; x w7,5&Prime; x h7,5&Prime;<br \/>\n(As is, wear, one broken hinge)<\/p>","protected":false},"excerpt":{"rendered":"<p>Caisse en bois pour un obus de 8,8 cm Kw.K.43 (char Tigre 2) &#038; canon Pak.43 Fermeture par deux crochets, poign\u00e9es de transport manquantes. Marquage fabricant pr\u00e9sent. Dat\u00e9e 1943 \u00c9tiquette int\u00e9rieure pr\u00e9sente, dat\u00e9e 1943. R\u00e2telier pr\u00e9sent. Dimension : L124cm x l19cm x h19cm (En l&rsquo;\u00e9tat, usures, une charni\u00e8re cass\u00e9e) &#8211; Wooden case for an 8.8<a class=\"more-link\" href=\"https:\/\/military-classic-auction.com\/en\/product\/caisse-en-bois-pour-un-obus-de-88-cm-kw-k-43-char-tigre-2-canon-pak-43\/\">Read more  &#10230;<\/a><\/p>","protected":false},"featured_media":12742,"template":"","meta":[],"product_brand":[],"product_cat":[27],"product_tag":[],"class_list":{"0":"post-13006","1":"product","2":"type-product","3":"status-publish","4":"has-post-thumbnail","6":"product_cat-larmee-des-caisses","8":"first","9":"instock","10":"sold-individually","11":"purchasable","12":"product-type-auction"},"aioseo_notices":[],"_links":{"self":[{"href":"https:\/\/military-classic-auction.com\/en\/wp-json\/wp\/v2\/product\/13006","targetHints":{"allow":["GET"]}}],"collection":[{"href":"https:\/\/military-classic-auction.com\/en\/wp-json\/wp\/v2\/product"}],"about":[{"href":"https:\/\/military-classic-auction.com\/en\/wp-json\/wp\/v2\/types\/product"}],"wp:featuredmedia":[{"embeddable":true,"href":"https:\/\/military-classic-auction.com\/en\/wp-json\/wp\/v2\/media\/12742"}],"wp:attachment":[{"href":"https:\/\/military-classic-auction.com\/en\/wp-json\/wp\/v2\/media?parent=13006"}],"wp:term":[{"taxonomy":"product_brand","embeddable":true,"href":"https:\/\/military-classic-auction.com\/en\/wp-json\/wp\/v2\/product_brand?post=13006"},{"taxonomy":"product_cat","embeddable":true,"href":"https:\/\/military-classic-auction.com\/en\/wp-json\/wp\/v2\/product_cat?post=13006"},{"taxonomy":"product_tag","embeddable":true,"href":"https:\/\/military-classic-auction.com\/en\/wp-json\/wp\/v2\/product_tag?post=13006"}],"curies":[{"name":"wp","href":"https:\/\/api.w.org\/{rel}","templated":true}]}}