{"id":13005,"date":"2024-06-21T16:23:46","date_gmt":"2024-06-21T16:23:46","guid":{"rendered":"https:\/\/military-classic-auction.com\/?post_type=product&#038;p=13005"},"modified":"2024-09-27T08:34:50","modified_gmt":"2024-09-27T08:34:50","slug":"caisse-en-bois-pour-3-obus-de-88cm-flak-18-36-2","status":"publish","type":"product","link":"https:\/\/military-classic-auction.com\/en\/product\/caisse-en-bois-pour-3-obus-de-88cm-flak-18-36-2\/","title":{"rendered":"Caisse en bois pour 3 obus de 8,8cm Flak.18\/36."},"content":{"rendered":"<p>Caisse en bois pour 3 obus de 8,8cm Flak.18\/36.<br \/>\nFermeture par un couvercle en bois &#038; renforcement par cerclage en m\u00e9tal aux extr\u00e9mit\u00e9s de la caisse.<br \/>\nR\u00e2telier &#038; waffenamt pr\u00e9sents.<br \/>\nDimension : L38cm x l14cm x h99cm<br \/>\n(En l&rsquo;\u00e9tat, usures, oxydation, un cerclage manquant)<br \/>\n&#8211;<br \/>\nWooden case for 3 8.8cm Flak.18\/36 shells.<br \/>\nClosing with a wooden cover &#038; reinforcement with metal strapping at the ends of the box.<br \/>\nRack &#038; waffenamt present.<br \/>\nDimensions: L14,9&Prime; x w5,5&Prime; x h39&Prime;<br \/>\n(As is, wear, oxidation, missing strapping)<\/p>","protected":false},"excerpt":{"rendered":"<p>Caisse en bois pour 3 obus de 8,8cm Flak.18\/36. Fermeture par un couvercle en bois &#038; renforcement par cerclage en m\u00e9tal aux extr\u00e9mit\u00e9s de la caisse. R\u00e2telier &#038; waffenamt pr\u00e9sents. Dimension : L38cm x l14cm x h99cm (En l&rsquo;\u00e9tat, usures, oxydation, un cerclage manquant) &#8211; Wooden case for 3 8.8cm Flak.18\/36 shells. Closing with a<a class=\"more-link\" href=\"https:\/\/military-classic-auction.com\/en\/product\/caisse-en-bois-pour-3-obus-de-88cm-flak-18-36-2\/\">Read more  &#10230;<\/a><\/p>","protected":false},"featured_media":12729,"template":"","meta":[],"product_brand":[],"product_cat":[27],"product_tag":[],"class_list":{"0":"post-13005","1":"product","2":"type-product","3":"status-publish","4":"has-post-thumbnail","6":"product_cat-larmee-des-caisses","8":"first","9":"instock","10":"sold-individually","11":"purchasable","12":"product-type-auction"},"aioseo_notices":[],"_links":{"self":[{"href":"https:\/\/military-classic-auction.com\/en\/wp-json\/wp\/v2\/product\/13005","targetHints":{"allow":["GET"]}}],"collection":[{"href":"https:\/\/military-classic-auction.com\/en\/wp-json\/wp\/v2\/product"}],"about":[{"href":"https:\/\/military-classic-auction.com\/en\/wp-json\/wp\/v2\/types\/product"}],"wp:featuredmedia":[{"embeddable":true,"href":"https:\/\/military-classic-auction.com\/en\/wp-json\/wp\/v2\/media\/12729"}],"wp:attachment":[{"href":"https:\/\/military-classic-auction.com\/en\/wp-json\/wp\/v2\/media?parent=13005"}],"wp:term":[{"taxonomy":"product_brand","embeddable":true,"href":"https:\/\/military-classic-auction.com\/en\/wp-json\/wp\/v2\/product_brand?post=13005"},{"taxonomy":"product_cat","embeddable":true,"href":"https:\/\/military-classic-auction.com\/en\/wp-json\/wp\/v2\/product_cat?post=13005"},{"taxonomy":"product_tag","embeddable":true,"href":"https:\/\/military-classic-auction.com\/en\/wp-json\/wp\/v2\/product_tag?post=13005"}],"curies":[{"name":"wp","href":"https:\/\/api.w.org\/{rel}","templated":true}]}}