{"id":13003,"date":"2024-06-21T16:23:45","date_gmt":"2024-06-21T16:23:45","guid":{"rendered":"https:\/\/military-classic-auction.com\/?post_type=product&#038;p=13003"},"modified":"2024-07-06T10:55:52","modified_gmt":"2024-07-06T10:55:52","slug":"caisse-en-bois-pour-3-obus-de-8-cm-gr-w-34-2","status":"publish","type":"product","link":"https:\/\/military-classic-auction.com\/en\/product\/caisse-en-bois-pour-3-obus-de-8-cm-gr-w-34-2\/","title":{"rendered":"Caisse en bois pour 3 obus de 8 cm Gr.W.34"},"content":{"rendered":"<p>Caisse en bois pour 3 obus de 8 cm Gr.W.34<br \/>\nFermeture par un crochet &#038; poign\u00e9e de transport en cordelette.<br \/>\nMarquage fabricant peu lisible.<br \/>\nPlusieurs \u00e9tiquettes incompl\u00e8tes.<br \/>\nR\u00e2telier pr\u00e9sent.<br \/>\nDimension : L37cm x l28cm x h10,5cm<br \/>\n(En l&rsquo;\u00e9tat, usures)<br \/>\n&#8211;<br \/>\nWooden case for 3 shells of 8 cm Gr.W.34<br \/>\nClosure with a hook &#038; cord carrying handle.<br \/>\nHardly readable manufacturer marking.<br \/>\nSeveral incomplete labels.<br \/>\nRack present.<br \/>\nDimensions: L14,6&Prime; x W11&Prime; x H4,1&Prime;<br \/>\n(As is, wear)<\/p>","protected":false},"excerpt":{"rendered":"<p>Caisse en bois pour 3 obus de 8 cm Gr.W.34 Fermeture par un crochet &#038; poign\u00e9e de transport en cordelette. Marquage fabricant peu lisible. Plusieurs \u00e9tiquettes incompl\u00e8tes. R\u00e2telier pr\u00e9sent. Dimension : L37cm x l28cm x h10,5cm (En l&rsquo;\u00e9tat, usures) &#8211; Wooden case for 3 shells of 8 cm Gr.W.34 Closure with a hook &#038; cord<a class=\"more-link\" href=\"https:\/\/military-classic-auction.com\/en\/product\/caisse-en-bois-pour-3-obus-de-8-cm-gr-w-34-2\/\">Read more  &#10230;<\/a><\/p>","protected":false},"featured_media":12718,"template":"","meta":[],"product_brand":[],"product_cat":[27],"product_tag":[],"class_list":{"0":"post-13003","1":"product","2":"type-product","3":"status-publish","4":"has-post-thumbnail","6":"product_cat-larmee-des-caisses","8":"first","9":"instock","10":"sold-individually","11":"purchasable","12":"product-type-auction"},"aioseo_notices":[],"_links":{"self":[{"href":"https:\/\/military-classic-auction.com\/en\/wp-json\/wp\/v2\/product\/13003","targetHints":{"allow":["GET"]}}],"collection":[{"href":"https:\/\/military-classic-auction.com\/en\/wp-json\/wp\/v2\/product"}],"about":[{"href":"https:\/\/military-classic-auction.com\/en\/wp-json\/wp\/v2\/types\/product"}],"wp:featuredmedia":[{"embeddable":true,"href":"https:\/\/military-classic-auction.com\/en\/wp-json\/wp\/v2\/media\/12718"}],"wp:attachment":[{"href":"https:\/\/military-classic-auction.com\/en\/wp-json\/wp\/v2\/media?parent=13003"}],"wp:term":[{"taxonomy":"product_brand","embeddable":true,"href":"https:\/\/military-classic-auction.com\/en\/wp-json\/wp\/v2\/product_brand?post=13003"},{"taxonomy":"product_cat","embeddable":true,"href":"https:\/\/military-classic-auction.com\/en\/wp-json\/wp\/v2\/product_cat?post=13003"},{"taxonomy":"product_tag","embeddable":true,"href":"https:\/\/military-classic-auction.com\/en\/wp-json\/wp\/v2\/product_tag?post=13003"}],"curies":[{"name":"wp","href":"https:\/\/api.w.org\/{rel}","templated":true}]}}