{"id":13002,"date":"2024-06-21T16:23:44","date_gmt":"2024-06-21T16:23:44","guid":{"rendered":"https:\/\/military-classic-auction.com\/?post_type=product&#038;p=13002"},"modified":"2024-07-06T08:51:13","modified_gmt":"2024-07-06T08:51:13","slug":"caisse-en-bois-pour-3-obus-de-8-cm-gr-w-34","status":"publish","type":"product","link":"https:\/\/military-classic-auction.com\/en\/product\/caisse-en-bois-pour-3-obus-de-8-cm-gr-w-34\/","title":{"rendered":"Caisse en bois pour 3 obus de 8 cm Gr.W.34"},"content":{"rendered":"<p>Caisse en bois pour 3 obus de 8 cm Gr.W.34<br \/>\nMarquage fabricant pr\u00e9sent.<br \/>\nFermeture par un crochet &#038; poign\u00e9e de transport en cordelette.<br \/>\nR\u00e2telier manquant.<br \/>\nDimension : L37cm x l28cm x h10,5cm<br \/>\n(En l&rsquo;\u00e9tat, usures)<br \/>\n&#8211;<br \/>\nWooden case for 3 shells of 8 cm Gr.W.34<br \/>\nManufacturer&rsquo;s marking present.<br \/>\nClosure with a hook &#038; cord carrying handle.<br \/>\nMissing rack.<br \/>\nDimensions: L14,6&Prime; x W11&Prime; x H4,1&Prime;<br \/>\n(As is, wear)<\/p>","protected":false},"excerpt":{"rendered":"<p>Caisse en bois pour 3 obus de 8 cm Gr.W.34 Marquage fabricant pr\u00e9sent. Fermeture par un crochet &#038; poign\u00e9e de transport en cordelette. R\u00e2telier manquant. Dimension : L37cm x l28cm x h10,5cm (En l&rsquo;\u00e9tat, usures) &#8211; Wooden case for 3 shells of 8 cm Gr.W.34 Manufacturer&rsquo;s marking present. Closure with a hook &#038; cord carrying<a class=\"more-link\" href=\"https:\/\/military-classic-auction.com\/en\/product\/caisse-en-bois-pour-3-obus-de-8-cm-gr-w-34\/\">Read more  &#10230;<\/a><\/p>","protected":false},"featured_media":12712,"template":"","meta":[],"product_brand":[],"product_cat":[27],"product_tag":[],"class_list":{"0":"post-13002","1":"product","2":"type-product","3":"status-publish","4":"has-post-thumbnail","6":"product_cat-larmee-des-caisses","8":"first","9":"instock","10":"sold-individually","11":"purchasable","12":"product-type-auction"},"aioseo_notices":[],"_links":{"self":[{"href":"https:\/\/military-classic-auction.com\/en\/wp-json\/wp\/v2\/product\/13002","targetHints":{"allow":["GET"]}}],"collection":[{"href":"https:\/\/military-classic-auction.com\/en\/wp-json\/wp\/v2\/product"}],"about":[{"href":"https:\/\/military-classic-auction.com\/en\/wp-json\/wp\/v2\/types\/product"}],"wp:featuredmedia":[{"embeddable":true,"href":"https:\/\/military-classic-auction.com\/en\/wp-json\/wp\/v2\/media\/12712"}],"wp:attachment":[{"href":"https:\/\/military-classic-auction.com\/en\/wp-json\/wp\/v2\/media?parent=13002"}],"wp:term":[{"taxonomy":"product_brand","embeddable":true,"href":"https:\/\/military-classic-auction.com\/en\/wp-json\/wp\/v2\/product_brand?post=13002"},{"taxonomy":"product_cat","embeddable":true,"href":"https:\/\/military-classic-auction.com\/en\/wp-json\/wp\/v2\/product_cat?post=13002"},{"taxonomy":"product_tag","embeddable":true,"href":"https:\/\/military-classic-auction.com\/en\/wp-json\/wp\/v2\/product_tag?post=13002"}],"curies":[{"name":"wp","href":"https:\/\/api.w.org\/{rel}","templated":true}]}}