{"id":13001,"date":"2024-06-21T16:23:41","date_gmt":"2024-06-21T16:23:41","guid":{"rendered":"https:\/\/military-classic-auction.com\/?post_type=product&#038;p=13001"},"modified":"2024-07-06T11:27:13","modified_gmt":"2024-07-06T11:27:13","slug":"caisse-en-bois-pour-3-obus-de-75-cm-le-i-g-18","status":"publish","type":"product","link":"https:\/\/military-classic-auction.com\/en\/product\/caisse-en-bois-pour-3-obus-de-75-cm-le-i-g-18\/","title":{"rendered":"Caisse en bois pour 3 obus de 7,5 cm \u00ab\u00a0le.I.G.18\u00a0\u00bb"},"content":{"rendered":"<p>Caisse en bois pour 3 obus de 7,5 cm \u00ab\u00a0le.I.G.18\u00a0\u00bb<br \/>\nFermeture par un crochet, deux charni\u00e8res lat\u00e9rales en bois.<br \/>\nPoign\u00e9e de transport en cordelette.<br \/>\nFabrication : \u00ab\u00a0kyv\u00a0\u00bb<br \/>\nWaffenamt pr\u00e9sent.<br \/>\nR\u00e2telier manquant, caisse modifi\u00e9e pour une utilisation diff\u00e9rente.<br \/>\nDimension : L38cm x l39cm x h12,5cm<br \/>\n(En l&rsquo;\u00e9tat, usures)<br \/>\n&#8211;<br \/>\nWooden case for 3 7.5 cm shells \u00ab\u00a0le.I.G.18\u00a0\u00bb<br \/>\nClosing with a hook, two wooden side hinges.<br \/>\nCord carrying handle.<br \/>\nManufacture: \u00ab\u00a0kyv\u00a0\u00bb<br \/>\nWaffenamt present.<br \/>\nRack missing, crate modified for a different use.<br \/>\nDimensions: L15&Prime; x w15,3&Prime; x h4,9&Prime;<br \/>\n(As is, wear)<\/p>","protected":false},"excerpt":{"rendered":"<p>Caisse en bois pour 3 obus de 7,5 cm \u00ab\u00a0le.I.G.18\u00a0\u00bb Fermeture par un crochet, deux charni\u00e8res lat\u00e9rales en bois. Poign\u00e9e de transport en cordelette. Fabrication : \u00ab\u00a0kyv\u00a0\u00bb Waffenamt pr\u00e9sent. R\u00e2telier manquant, caisse modifi\u00e9e pour une utilisation diff\u00e9rente. Dimension : L38cm x l39cm x h12,5cm (En l&rsquo;\u00e9tat, usures) &#8211; Wooden case for 3 7.5 cm shells<a class=\"more-link\" href=\"https:\/\/military-classic-auction.com\/en\/product\/caisse-en-bois-pour-3-obus-de-75-cm-le-i-g-18\/\">Read more  &#10230;<\/a><\/p>","protected":false},"featured_media":12705,"template":"","meta":[],"product_brand":[],"product_cat":[27],"product_tag":[],"class_list":{"0":"post-13001","1":"product","2":"type-product","3":"status-publish","4":"has-post-thumbnail","6":"product_cat-larmee-des-caisses","8":"first","9":"instock","10":"sold-individually","11":"purchasable","12":"product-type-auction"},"aioseo_notices":[],"_links":{"self":[{"href":"https:\/\/military-classic-auction.com\/en\/wp-json\/wp\/v2\/product\/13001","targetHints":{"allow":["GET"]}}],"collection":[{"href":"https:\/\/military-classic-auction.com\/en\/wp-json\/wp\/v2\/product"}],"about":[{"href":"https:\/\/military-classic-auction.com\/en\/wp-json\/wp\/v2\/types\/product"}],"wp:featuredmedia":[{"embeddable":true,"href":"https:\/\/military-classic-auction.com\/en\/wp-json\/wp\/v2\/media\/12705"}],"wp:attachment":[{"href":"https:\/\/military-classic-auction.com\/en\/wp-json\/wp\/v2\/media?parent=13001"}],"wp:term":[{"taxonomy":"product_brand","embeddable":true,"href":"https:\/\/military-classic-auction.com\/en\/wp-json\/wp\/v2\/product_brand?post=13001"},{"taxonomy":"product_cat","embeddable":true,"href":"https:\/\/military-classic-auction.com\/en\/wp-json\/wp\/v2\/product_cat?post=13001"},{"taxonomy":"product_tag","embeddable":true,"href":"https:\/\/military-classic-auction.com\/en\/wp-json\/wp\/v2\/product_tag?post=13001"}],"curies":[{"name":"wp","href":"https:\/\/api.w.org\/{rel}","templated":true}]}}