{"id":13000,"date":"2024-06-21T16:23:40","date_gmt":"2024-06-21T16:23:40","guid":{"rendered":"https:\/\/military-classic-auction.com\/?post_type=product&#038;p=13000"},"modified":"2024-07-06T11:48:15","modified_gmt":"2024-07-06T11:48:15","slug":"caisse-en-bois-pour-3-obus-de-75-cm-pour-f-k-231-f","status":"publish","type":"product","link":"https:\/\/military-classic-auction.com\/en\/product\/caisse-en-bois-pour-3-obus-de-75-cm-pour-f-k-231-f\/","title":{"rendered":"Caisse en bois pour 3 obus de 7,5 cm pour F.K.231 (f)"},"content":{"rendered":"<p>Caisse en bois pour 3 obus de 7,5 cm pour F.K.231 (f)<br \/>\nIl s&rsquo;agit du canon fran\u00e7ais Mle.1897 modifi\u00e9 38.<br \/>\nFermetures par cales &#038; deux poign\u00e9es en bois.<br \/>\n\u00c9tiquette int\u00e9rieure pr\u00e9sente.<br \/>\nR\u00e2telier manquant.<br \/>\nDimension : L79cm x l31,5cm x h15cm<br \/>\n(En l&rsquo;\u00e9tat, usures, une cale manquante)<br \/>\n&#8211;<br \/>\nWooden case for 3 7.5 cm shells for F.K.231 (f)<br \/>\nThis is the French Mle.1897 modified 38 cannon.<br \/>\nWedge closures &#038; two wooden handles.<br \/>\nInterior label present.<br \/>\nMissing rack.<br \/>\nDimensions: L31,1&Prime; x w12,4&Prime; x h5,9&Prime;<br \/>\n(As is, wear, one missing shim)<\/p>","protected":false},"excerpt":{"rendered":"<p>Caisse en bois pour 3 obus de 7,5 cm pour F.K.231 (f) Il s&rsquo;agit du canon fran\u00e7ais Mle.1897 modifi\u00e9 38. Fermetures par cales &#038; deux poign\u00e9es en bois. \u00c9tiquette int\u00e9rieure pr\u00e9sente. R\u00e2telier manquant. Dimension : L79cm x l31,5cm x h15cm (En l&rsquo;\u00e9tat, usures, une cale manquante) &#8211; Wooden case for 3 7.5 cm shells for<a class=\"more-link\" href=\"https:\/\/military-classic-auction.com\/en\/product\/caisse-en-bois-pour-3-obus-de-75-cm-pour-f-k-231-f\/\">Read more  &#10230;<\/a><\/p>","protected":false},"featured_media":12697,"template":"","meta":[],"product_brand":[],"product_cat":[27],"product_tag":[],"class_list":{"0":"post-13000","1":"product","2":"type-product","3":"status-publish","4":"has-post-thumbnail","6":"product_cat-larmee-des-caisses","8":"first","9":"instock","10":"sold-individually","11":"purchasable","12":"product-type-auction"},"aioseo_notices":[],"_links":{"self":[{"href":"https:\/\/military-classic-auction.com\/en\/wp-json\/wp\/v2\/product\/13000","targetHints":{"allow":["GET"]}}],"collection":[{"href":"https:\/\/military-classic-auction.com\/en\/wp-json\/wp\/v2\/product"}],"about":[{"href":"https:\/\/military-classic-auction.com\/en\/wp-json\/wp\/v2\/types\/product"}],"wp:featuredmedia":[{"embeddable":true,"href":"https:\/\/military-classic-auction.com\/en\/wp-json\/wp\/v2\/media\/12697"}],"wp:attachment":[{"href":"https:\/\/military-classic-auction.com\/en\/wp-json\/wp\/v2\/media?parent=13000"}],"wp:term":[{"taxonomy":"product_brand","embeddable":true,"href":"https:\/\/military-classic-auction.com\/en\/wp-json\/wp\/v2\/product_brand?post=13000"},{"taxonomy":"product_cat","embeddable":true,"href":"https:\/\/military-classic-auction.com\/en\/wp-json\/wp\/v2\/product_cat?post=13000"},{"taxonomy":"product_tag","embeddable":true,"href":"https:\/\/military-classic-auction.com\/en\/wp-json\/wp\/v2\/product_tag?post=13000"}],"curies":[{"name":"wp","href":"https:\/\/api.w.org\/{rel}","templated":true}]}}