{"id":12998,"date":"2024-06-21T16:23:39","date_gmt":"2024-06-21T16:23:39","guid":{"rendered":"https:\/\/military-classic-auction.com\/?post_type=product&#038;p=12998"},"modified":"2024-07-06T08:53:19","modified_gmt":"2024-07-06T08:53:19","slug":"caisse-a-munitions-pour-mg08-15","status":"publish","type":"product","link":"https:\/\/military-classic-auction.com\/en\/product\/caisse-a-munitions-pour-mg08-15\/","title":{"rendered":"Caisse \u00e0 munitions pour MG08\/15"},"content":{"rendered":"<p>Caisse \u00e0 munitions pour MG08\/15<br \/>\nMarquage : \u00ab\u00a0PAT.INC. B.D.\u00a0\u00bb<br \/>\nPoign\u00e9e de transport en m\u00e9tal.<br \/>\nDimension : L38cm x l10cm x h19,5cm<br \/>\n(Usures, r\u00e9parations, oxydation)<br \/>\n&#8211;<br \/>\nAmmo box for MG08\/15<br \/>\nMarking: \u00ab\u00a0PAT.INC. B.D.\u00a0\u00bb<br \/>\nMetal carrying handle.<br \/>\nDimensions: L14,9&Prime; x w3,9&Prime; x h7,7&Prime;<br \/>\n(Wear, repairs, oxidation)<\/p>","protected":false},"excerpt":{"rendered":"<p>Caisse \u00e0 munitions pour MG08\/15 Marquage : \u00ab\u00a0PAT.INC. B.D.\u00a0\u00bb Poign\u00e9e de transport en m\u00e9tal. Dimension : L38cm x l10cm x h19,5cm (Usures, r\u00e9parations, oxydation) &#8211; Ammo box for MG08\/15 Marking: \u00ab\u00a0PAT.INC. B.D.\u00a0\u00bb Metal carrying handle. Dimensions: L14,9&Prime; x w3,9&Prime; x h7,7&Prime; (Wear, repairs, oxidation)<\/p>","protected":false},"featured_media":12683,"template":"","meta":[],"product_brand":[],"product_cat":[27],"product_tag":[],"class_list":{"0":"post-12998","1":"product","2":"type-product","3":"status-publish","4":"has-post-thumbnail","6":"product_cat-larmee-des-caisses","8":"first","9":"instock","10":"sold-individually","11":"purchasable","12":"product-type-auction"},"aioseo_notices":[],"_links":{"self":[{"href":"https:\/\/military-classic-auction.com\/en\/wp-json\/wp\/v2\/product\/12998","targetHints":{"allow":["GET"]}}],"collection":[{"href":"https:\/\/military-classic-auction.com\/en\/wp-json\/wp\/v2\/product"}],"about":[{"href":"https:\/\/military-classic-auction.com\/en\/wp-json\/wp\/v2\/types\/product"}],"wp:featuredmedia":[{"embeddable":true,"href":"https:\/\/military-classic-auction.com\/en\/wp-json\/wp\/v2\/media\/12683"}],"wp:attachment":[{"href":"https:\/\/military-classic-auction.com\/en\/wp-json\/wp\/v2\/media?parent=12998"}],"wp:term":[{"taxonomy":"product_brand","embeddable":true,"href":"https:\/\/military-classic-auction.com\/en\/wp-json\/wp\/v2\/product_brand?post=12998"},{"taxonomy":"product_cat","embeddable":true,"href":"https:\/\/military-classic-auction.com\/en\/wp-json\/wp\/v2\/product_cat?post=12998"},{"taxonomy":"product_tag","embeddable":true,"href":"https:\/\/military-classic-auction.com\/en\/wp-json\/wp\/v2\/product_tag?post=12998"}],"curies":[{"name":"wp","href":"https:\/\/api.w.org\/{rel}","templated":true}]}}