{"id":12997,"date":"2024-06-21T16:23:38","date_gmt":"2024-06-21T16:23:38","guid":{"rendered":"https:\/\/military-classic-auction.com\/?post_type=product&#038;p=12997"},"modified":"2024-06-29T17:12:21","modified_gmt":"2024-06-29T17:12:21","slug":"ratelier-amovible-pour-30-grenades-oeufs-mle-39","status":"publish","type":"product","link":"https:\/\/military-classic-auction.com\/en\/product\/ratelier-amovible-pour-30-grenades-oeufs-mle-39\/","title":{"rendered":"R\u00e2telier amovible pour 30 grenades \u0153ufs Mle.39"},"content":{"rendered":"<p>R\u00e2telier amovible pour 30 grenades \u0153ufs Mle.39<br \/>\nR\u00e2telier en bois qui s&rsquo;ins\u00e8re dans la caisse de transport.<br \/>\nUne poign\u00e9e de transport en m\u00e9tal.<br \/>\nTampon pr\u00e9sent mais illisible.<br \/>\nDimension : L44cm x l44cm x h10cm<br \/>\n(En l&rsquo;\u00e9tat, usures)<br \/>\n&#8211;<br \/>\nRemovable rack for 30 Mle.39 egg grenades<br \/>\nWooden rack that fits into the transport box.<br \/>\nA metal carrying handle.<br \/>\nStamp present but illegible.<br \/>\nDimensions: L17,3&Prime; x w17,3&Prime; x h3,9&Prime;<br \/>\n(As is, wear)<\/p>","protected":false},"excerpt":{"rendered":"<p>R\u00e2telier amovible pour 30 grenades \u0153ufs Mle.39 R\u00e2telier en bois qui s&rsquo;ins\u00e8re dans la caisse de transport. Une poign\u00e9e de transport en m\u00e9tal. Tampon pr\u00e9sent mais illisible. Dimension : L44cm x l44cm x h10cm (En l&rsquo;\u00e9tat, usures) &#8211; Removable rack for 30 Mle.39 egg grenades Wooden rack that fits into the transport box. A metal<a class=\"more-link\" href=\"https:\/\/military-classic-auction.com\/en\/product\/ratelier-amovible-pour-30-grenades-oeufs-mle-39\/\">Read more  &#10230;<\/a><\/p>","protected":false},"featured_media":12677,"template":"","meta":[],"product_brand":[],"product_cat":[27],"product_tag":[],"class_list":{"0":"post-12997","1":"product","2":"type-product","3":"status-publish","4":"has-post-thumbnail","6":"product_cat-larmee-des-caisses","8":"first","9":"instock","10":"sold-individually","11":"purchasable","12":"product-type-auction"},"aioseo_notices":[],"_links":{"self":[{"href":"https:\/\/military-classic-auction.com\/en\/wp-json\/wp\/v2\/product\/12997","targetHints":{"allow":["GET"]}}],"collection":[{"href":"https:\/\/military-classic-auction.com\/en\/wp-json\/wp\/v2\/product"}],"about":[{"href":"https:\/\/military-classic-auction.com\/en\/wp-json\/wp\/v2\/types\/product"}],"wp:featuredmedia":[{"embeddable":true,"href":"https:\/\/military-classic-auction.com\/en\/wp-json\/wp\/v2\/media\/12677"}],"wp:attachment":[{"href":"https:\/\/military-classic-auction.com\/en\/wp-json\/wp\/v2\/media?parent=12997"}],"wp:term":[{"taxonomy":"product_brand","embeddable":true,"href":"https:\/\/military-classic-auction.com\/en\/wp-json\/wp\/v2\/product_brand?post=12997"},{"taxonomy":"product_cat","embeddable":true,"href":"https:\/\/military-classic-auction.com\/en\/wp-json\/wp\/v2\/product_cat?post=12997"},{"taxonomy":"product_tag","embeddable":true,"href":"https:\/\/military-classic-auction.com\/en\/wp-json\/wp\/v2\/product_tag?post=12997"}],"curies":[{"name":"wp","href":"https:\/\/api.w.org\/{rel}","templated":true}]}}