{"id":12996,"date":"2024-06-21T16:23:37","date_gmt":"2024-06-21T16:23:37","guid":{"rendered":"https:\/\/military-classic-auction.com\/?post_type=product&#038;p=12996"},"modified":"2024-07-06T11:26:36","modified_gmt":"2024-07-06T11:26:36","slug":"rechaud-de-vehicules-katalyt","status":"publish","type":"product","link":"https:\/\/military-classic-auction.com\/en\/product\/rechaud-de-vehicules-katalyt\/","title":{"rendered":"R\u00e9chaud de v\u00e9hicules \u00ab\u00a0Katalyt\u00a0\u00bb"},"content":{"rendered":"<p>R\u00e9chaud de v\u00e9hicules \u00ab\u00a0Katalyt\u00a0\u00bb<br \/>\nCe type de r\u00e9chaud offrait un syst\u00e8me de chauffage sans flammes apparentes.<br \/>\nMarquages : \u00ab\u00a0Nur fur 0.720 er\u00a0\u00bb &#038; \u00ab\u00a0Leichtbenzin\u00a0\u00bb<br \/>\n\u00c9tiquettes pr\u00e9sentes (incompl\u00e8tes)<br \/>\nDimension : d14cm x h24cm (sans la poign\u00e9e)<br \/>\n(En l&rsquo;\u00e9tat, usures, oxydation):<br \/>\n&#8211;<br \/>\n\u00ab\u00a0Katalyt\u00a0\u00bb vehicle stove<br \/>\nThis type of stove offered a heating system without visible flames.<br \/>\nMarkings: \u00ab\u00a0Nur fur 0.720 er\u00a0\u00bb &#038; \u00ab\u00a0Leichtbenzin\u00a0\u00bb<br \/>\nLabels present (incomplete)<br \/>\nDimensions: d5,5&Prime; x h9,4&Prime; (without handle)<br \/>\n(As is, wear, oxidation)<\/p>","protected":false},"excerpt":{"rendered":"<p>R\u00e9chaud de v\u00e9hicules \u00ab\u00a0Katalyt\u00a0\u00bb Ce type de r\u00e9chaud offrait un syst\u00e8me de chauffage sans flammes apparentes. Marquages : \u00ab\u00a0Nur fur 0.720 er\u00a0\u00bb &#038; \u00ab\u00a0Leichtbenzin\u00a0\u00bb \u00c9tiquettes pr\u00e9sentes (incompl\u00e8tes) Dimension : d14cm x h24cm (sans la poign\u00e9e) (En l&rsquo;\u00e9tat, usures, oxydation): &#8211; \u00ab\u00a0Katalyt\u00a0\u00bb vehicle stove This type of stove offered a heating system without visible flames. Markings:<a class=\"more-link\" href=\"https:\/\/military-classic-auction.com\/en\/product\/rechaud-de-vehicules-katalyt\/\">Read more  &#10230;<\/a><\/p>","protected":false},"featured_media":12671,"template":"","meta":[],"product_brand":[],"product_cat":[27],"product_tag":[],"class_list":{"0":"post-12996","1":"product","2":"type-product","3":"status-publish","4":"has-post-thumbnail","6":"product_cat-larmee-des-caisses","8":"first","9":"instock","10":"sold-individually","11":"purchasable","12":"product-type-auction"},"aioseo_notices":[],"_links":{"self":[{"href":"https:\/\/military-classic-auction.com\/en\/wp-json\/wp\/v2\/product\/12996","targetHints":{"allow":["GET"]}}],"collection":[{"href":"https:\/\/military-classic-auction.com\/en\/wp-json\/wp\/v2\/product"}],"about":[{"href":"https:\/\/military-classic-auction.com\/en\/wp-json\/wp\/v2\/types\/product"}],"wp:featuredmedia":[{"embeddable":true,"href":"https:\/\/military-classic-auction.com\/en\/wp-json\/wp\/v2\/media\/12671"}],"wp:attachment":[{"href":"https:\/\/military-classic-auction.com\/en\/wp-json\/wp\/v2\/media?parent=12996"}],"wp:term":[{"taxonomy":"product_brand","embeddable":true,"href":"https:\/\/military-classic-auction.com\/en\/wp-json\/wp\/v2\/product_brand?post=12996"},{"taxonomy":"product_cat","embeddable":true,"href":"https:\/\/military-classic-auction.com\/en\/wp-json\/wp\/v2\/product_cat?post=12996"},{"taxonomy":"product_tag","embeddable":true,"href":"https:\/\/military-classic-auction.com\/en\/wp-json\/wp\/v2\/product_tag?post=12996"}],"curies":[{"name":"wp","href":"https:\/\/api.w.org\/{rel}","templated":true}]}}