{"id":12995,"date":"2024-06-21T16:23:36","date_gmt":"2024-06-21T16:23:36","guid":{"rendered":"https:\/\/military-classic-auction.com\/?post_type=product&#038;p=12995"},"modified":"2024-06-29T10:25:58","modified_gmt":"2024-06-29T10:25:58","slug":"caisse-pour-chargeurs-du-fusil-mitrailleur-zb-26-30","status":"publish","type":"product","link":"https:\/\/military-classic-auction.com\/en\/product\/caisse-pour-chargeurs-du-fusil-mitrailleur-zb-26-30\/","title":{"rendered":"Caisse pour chargeurs du fusil mitrailleur ZB-26\/30"},"content":{"rendered":"<p>Caisse pour chargeurs du fusil mitrailleur ZB-26\/30<br \/>\nFermeture par un crochet &#038; une poign\u00e9e de transport en cuir (accident\u00e9e).<br \/>\nFabrication : \u00ab\u00a0cpa\u00a0\u00bb<br \/>\nDat\u00e9e 1941<br \/>\nWaffenamt pr\u00e9sent.<br \/>\nDimension : L39cm x l17cm x h10,5cm<br \/>\n(En l&rsquo;\u00e9tat, usures, oxydation)<br \/>\n&#8211;<br \/>\nBox for magazines of the ZB-26\/30 machine gun<br \/>\nClosure with a hook &#038; a leather carrying handle (damaged).<br \/>\nManufacture: \u00ab\u00a0cpa\u00a0\u00bb<br \/>\nDated 1941<br \/>\nWaffenamt present.<br \/>\nDimensions: L15,3&Prime; x w6,7&Prime; x h4,1&Prime;<br \/>\n(As is, wear, oxidation)<\/p>","protected":false},"excerpt":{"rendered":"<p>Caisse pour chargeurs du fusil mitrailleur ZB-26\/30 Fermeture par un crochet &#038; une poign\u00e9e de transport en cuir (accident\u00e9e). Fabrication : \u00ab\u00a0cpa\u00a0\u00bb Dat\u00e9e 1941 Waffenamt pr\u00e9sent. Dimension : L39cm x l17cm x h10,5cm (En l&rsquo;\u00e9tat, usures, oxydation) &#8211; Box for magazines of the ZB-26\/30 machine gun Closure with a hook &#038; a leather carrying handle<a class=\"more-link\" href=\"https:\/\/military-classic-auction.com\/en\/product\/caisse-pour-chargeurs-du-fusil-mitrailleur-zb-26-30\/\">Read more  &#10230;<\/a><\/p>","protected":false},"featured_media":12665,"template":"","meta":[],"product_brand":[],"product_cat":[27],"product_tag":[],"class_list":{"0":"post-12995","1":"product","2":"type-product","3":"status-publish","4":"has-post-thumbnail","6":"product_cat-larmee-des-caisses","8":"first","9":"instock","10":"sold-individually","11":"purchasable","12":"product-type-auction"},"aioseo_notices":[],"_links":{"self":[{"href":"https:\/\/military-classic-auction.com\/en\/wp-json\/wp\/v2\/product\/12995","targetHints":{"allow":["GET"]}}],"collection":[{"href":"https:\/\/military-classic-auction.com\/en\/wp-json\/wp\/v2\/product"}],"about":[{"href":"https:\/\/military-classic-auction.com\/en\/wp-json\/wp\/v2\/types\/product"}],"wp:featuredmedia":[{"embeddable":true,"href":"https:\/\/military-classic-auction.com\/en\/wp-json\/wp\/v2\/media\/12665"}],"wp:attachment":[{"href":"https:\/\/military-classic-auction.com\/en\/wp-json\/wp\/v2\/media?parent=12995"}],"wp:term":[{"taxonomy":"product_brand","embeddable":true,"href":"https:\/\/military-classic-auction.com\/en\/wp-json\/wp\/v2\/product_brand?post=12995"},{"taxonomy":"product_cat","embeddable":true,"href":"https:\/\/military-classic-auction.com\/en\/wp-json\/wp\/v2\/product_cat?post=12995"},{"taxonomy":"product_tag","embeddable":true,"href":"https:\/\/military-classic-auction.com\/en\/wp-json\/wp\/v2\/product_tag?post=12995"}],"curies":[{"name":"wp","href":"https:\/\/api.w.org\/{rel}","templated":true}]}}