{"id":12994,"date":"2024-06-21T16:23:36","date_gmt":"2024-06-21T16:23:36","guid":{"rendered":"https:\/\/military-classic-auction.com\/?post_type=product&#038;p=12994"},"modified":"2024-07-06T11:13:24","modified_gmt":"2024-07-06T11:13:24","slug":"mire-anti-aerienne-pour-mitrailleuse-zb37-2","status":"publish","type":"product","link":"https:\/\/military-classic-auction.com\/en\/product\/mire-anti-aerienne-pour-mitrailleuse-zb37-2\/","title":{"rendered":"Mire anti-a\u00e9rienne pour mitrailleuse ZB37"},"content":{"rendered":"<p>Mire anti-a\u00e9rienne pour mitrailleuse ZB37<br \/>\nDans sa boite d&rsquo;origine.<br \/>\nWaffenamt \u00e0 l&rsquo;int\u00e9rieur de la boite.<br \/>\nDimension de la boite : L39cm x l21cm x h8,5cm<br \/>\n(Usures, oxydation)<br \/>\n&#8211;<br \/>\nAnti-aircraft sight for ZB37 machine gun<br \/>\nIn its original box.<br \/>\nWaffenamt inside the box.<br \/>\nDimensions of the box: L15,3&Prime;x w8,2&Prime; x h3,3&Prime;<br \/>\n(Wear, oxidation)<\/p>","protected":false},"excerpt":{"rendered":"<p>Mire anti-a\u00e9rienne pour mitrailleuse ZB37 Dans sa boite d&rsquo;origine. Waffenamt \u00e0 l&rsquo;int\u00e9rieur de la boite. Dimension de la boite : L39cm x l21cm x h8,5cm (Usures, oxydation) &#8211; Anti-aircraft sight for ZB37 machine gun In its original box. Waffenamt inside the box. Dimensions of the box: L15,3&Prime;x w8,2&Prime; x h3,3&Prime; (Wear, oxidation)<\/p>","protected":false},"featured_media":12656,"template":"","meta":[],"product_brand":[],"product_cat":[27],"product_tag":[],"class_list":{"0":"post-12994","1":"product","2":"type-product","3":"status-publish","4":"has-post-thumbnail","6":"product_cat-larmee-des-caisses","8":"first","9":"instock","10":"sold-individually","11":"purchasable","12":"product-type-auction"},"aioseo_notices":[],"_links":{"self":[{"href":"https:\/\/military-classic-auction.com\/en\/wp-json\/wp\/v2\/product\/12994","targetHints":{"allow":["GET"]}}],"collection":[{"href":"https:\/\/military-classic-auction.com\/en\/wp-json\/wp\/v2\/product"}],"about":[{"href":"https:\/\/military-classic-auction.com\/en\/wp-json\/wp\/v2\/types\/product"}],"wp:featuredmedia":[{"embeddable":true,"href":"https:\/\/military-classic-auction.com\/en\/wp-json\/wp\/v2\/media\/12656"}],"wp:attachment":[{"href":"https:\/\/military-classic-auction.com\/en\/wp-json\/wp\/v2\/media?parent=12994"}],"wp:term":[{"taxonomy":"product_brand","embeddable":true,"href":"https:\/\/military-classic-auction.com\/en\/wp-json\/wp\/v2\/product_brand?post=12994"},{"taxonomy":"product_cat","embeddable":true,"href":"https:\/\/military-classic-auction.com\/en\/wp-json\/wp\/v2\/product_cat?post=12994"},{"taxonomy":"product_tag","embeddable":true,"href":"https:\/\/military-classic-auction.com\/en\/wp-json\/wp\/v2\/product_tag?post=12994"}],"curies":[{"name":"wp","href":"https:\/\/api.w.org\/{rel}","templated":true}]}}